{"id":12495,"date":"2022-05-10T10:11:29","date_gmt":"2022-05-10T08:11:29","guid":{"rendered":"https:\/\/www.efaflex.be\/privacy-policy\/"},"modified":"2023-09-05T11:01:06","modified_gmt":"2023-09-05T09:01:06","slug":"declaration-de-protection-des-donnees","status":"publish","type":"page","link":"https:\/\/www.efaflex.be\/fr\/declaration-de-protection-des-donnees\/","title":{"rendered":"D\u00e9claration de protection des donn\u00e9es"},"content":{"rendered":"\n<h2 class=\"wp-block-heading\">D\u00e9claration de protection des donn\u00e9es<\/h2>\n\n\n\n<h3 class=\"wp-block-heading\"><strong>Aper\u00e7u de notre protection des donn\u00e9es<\/strong><\/h3>\n\n\n\n<p class=\"has-medium-font-size\">Remarques g\u00e9n\u00e9rales<\/p>\n\n\n\n<p>Les remarques suivantes dressent un aper\u00e7u simple de ce qu\u2019il advient de vos donn\u00e9es personnelles lorsque vous visitez ce site web. Les donn\u00e9es personnelles d\u00e9signent toutes les donn\u00e9es qui permettent de vous identifier personnellement. Vous trouverez des informations d\u00e9taill\u00e9es relatives \u00e0 la protection des donn\u00e9es dans notre d\u00e9claration de protection des donn\u00e9es ci-dessous.<\/p>\n\n\n\n<p class=\"has-medium-font-size\"><strong>Collecte des donn\u00e9es sur le pr\u00e9sent site web<\/strong><\/p>\n\n\n\n<p>Qui est responsable de la collecte des donn\u00e9es sur ce site web&nbsp;?<\/p>\n\n\n\n<p>Le traitement des donn\u00e9es sur ce site web incombe \u00e0 l\u2019exploitant du site web. Vous trouverez ses coordonn\u00e9es dans la section \u00ab&nbsp;Informations sur le responsable du traitement&nbsp;\u00bb de la pr\u00e9sente d\u00e9claration de protection des donn\u00e9es.<\/p>\n\n\n\n<p>Comment recueillons-nous vos donn\u00e9es&nbsp;?<\/p>\n\n\n\n<p>Vos donn\u00e9es sont tout d\u2019abord collect\u00e9es lorsque vous nous les communiquez directement. Il peut s\u2019agir, par exemple, de donn\u00e9es que vous indiquez dans un formulaire de contact.<\/p>\n\n\n\n<p>D\u2019autres donn\u00e9es sont collect\u00e9es automatiquement ou apr\u00e8s obtention de votre consentement par nos syst\u00e8mes informatiques lorsque vous visitez le site web. Il s\u2019agit principalement de donn\u00e9es techniques (par ex. navigateur Internet, syst\u00e8me d\u2019exploitation ou heure de consultation de la page). Ces donn\u00e9es sont collect\u00e9es automatiquement d\u00e8s lors que vous acc\u00e9dez \u00e0 ce site web.<\/p>\n\n\n\n<p>Dans quel but recueillons-nous vos donn\u00e9es&nbsp;?<\/p>\n\n\n\n<p>Une partie des donn\u00e9es est collect\u00e9e afin de garantir une mise \u00e0 disposition optimale du site web. D\u2019autres donn\u00e9es peuvent \u00eatre utilis\u00e9es afin d\u2019analyser votre comportement d\u2019utilisateur.<\/p>\n\n\n\n<p>Quels sont vos droits concernant vos donn\u00e9es&nbsp;?<\/p>\n\n\n\n<p>Vous avez \u00e0 tout moment le droit d\u2019obtenir gratuitement des informations concernant l\u2019origine, le destinataire et la finalit\u00e9 de vos donn\u00e9es personnelles stock\u00e9es. Vous avez \u00e9galement le droit de demander la rectification ou la suppression de ces donn\u00e9es. Si vous avez donn\u00e9 votre consentement au traitement de vos donn\u00e9es, vous pouvez \u00e0 tout moment r\u00e9voquer ce dernier avec effet pour l\u2019avenir. Vous avez \u00e9galement le droit, dans certaines circonstances, de demander la limitation du traitement de vos donn\u00e9es personnelles. En outre, vous disposez d\u2019un droit de recours aupr\u00e8s de l\u2019autorit\u00e9 de surveillance comp\u00e9tente.<\/p>\n\n\n\n<p>N\u2019h\u00e9sitez pas \u00e0 nous contacter \u00e0 tout moment en cas de questions relatives \u00e0 la protection des donn\u00e9es.<\/p>\n\n\n\n<p class=\"has-medium-font-size\">Outil d\u2019analyse et outils de fournisseurs tiers<\/p>\n\n\n\n<p>Lorsque vous visitez ce site web, votre comportement de navigation peut faire l\u2019objet d\u2019une \u00e9valuation statistique. Cela se fait principalement via des programmes d\u2019analyse.<\/p>\n\n\n\n<p>Vous trouverez des informations d\u00e9taill\u00e9es sur ces programmes d\u2019analyse dans la d\u00e9claration de protection des donn\u00e9es suivante.<\/p>\n\n\n\n<p class=\"has-medium-font-size\"><\/p>\n","protected":false},"excerpt":{"rendered":"<p>D\u00e9claration de protection des donn\u00e9es Aper\u00e7u de notre protection des donn\u00e9es Remarques g\u00e9n\u00e9rales Les remarques suivantes dressent un aper\u00e7u simple de ce qu\u2019il advient de vos donn\u00e9es personnelles lorsque vous visitez ce site web. Les donn\u00e9es personnelles d\u00e9signent toutes les donn\u00e9es qui permettent de vous identifier personnellement. Vous trouverez des informations d\u00e9taill\u00e9es relatives \u00e0 la [&hellip;]<\/p>\n","protected":false},"author":4,"featured_media":0,"parent":0,"menu_order":86,"comment_status":"closed","ping_status":"closed","template":"","meta":{"_acf_changed":false,"footnotes":""},"class_list":["post-12495","page","type-page","status-publish","hentry"],"acf":[],"_links":{"self":[{"href":"https:\/\/www.efaflex.be\/fr\/wp-json\/wp\/v2\/pages\/12495","targetHints":{"allow":["GET"]}}],"collection":[{"href":"https:\/\/www.efaflex.be\/fr\/wp-json\/wp\/v2\/pages"}],"about":[{"href":"https:\/\/www.efaflex.be\/fr\/wp-json\/wp\/v2\/types\/page"}],"author":[{"embeddable":true,"href":"https:\/\/www.efaflex.be\/fr\/wp-json\/wp\/v2\/users\/4"}],"replies":[{"embeddable":true,"href":"https:\/\/www.efaflex.be\/fr\/wp-json\/wp\/v2\/comments?post=12495"}],"version-history":[{"count":2,"href":"https:\/\/www.efaflex.be\/fr\/wp-json\/wp\/v2\/pages\/12495\/revisions"}],"predecessor-version":[{"id":14499,"href":"https:\/\/www.efaflex.be\/fr\/wp-json\/wp\/v2\/pages\/12495\/revisions\/14499"}],"wp:attachment":[{"href":"https:\/\/www.efaflex.be\/fr\/wp-json\/wp\/v2\/media?parent=12495"}],"curies":[{"name":"wp","href":"https:\/\/api.w.org\/{rel}","templated":true}]}}