{"id":12493,"date":"2022-05-10T10:11:36","date_gmt":"2022-05-10T08:11:36","guid":{"rendered":"https:\/\/www.efaflex.be\/imprint\/"},"modified":"2023-07-05T14:35:40","modified_gmt":"2023-07-05T12:35:40","slug":"imprint","status":"publish","type":"page","link":"https:\/\/www.efaflex.be\/fr\/imprint\/","title":{"rendered":"Imprint"},"content":{"rendered":"\n<div style=\"height:100px\" aria-hidden=\"true\" class=\"wp-block-spacer\"><\/div>\n\n\n\n<h2 class=\"wp-block-heading\">Informations juridiques<\/h2>\n\n\n\n<p>EFAFLEX BV<br>Antwerpsesteenweg 45<br>2830 Willebroek \/ Belgique<br>Directeur g\u00e9n\u00e9ral : Guido Van Passen<br>T\u00e9l: +32 (0) 450 11 93<br>Courriel : info@efaflexbvba.be<\/p>\n\n\n\n<p>Partenaire personnellement responsable :<br>EFAFLEX BV<br>Directeur g\u00e9n\u00e9ral : Guido Van Passen<br>Tribunal d&#8217;enregistrement : Anvers<br>Num\u00e9ro de TVA BE 0834.233.157<\/p>\n\n\n\n<h2 class=\"wp-block-heading\">Conditions g\u00e9n\u00e9rales<\/h2>\n\n\n\n<p>Pour conna\u00eetre nos conditions g\u00e9n\u00e9rales, veuillez consulter la page <a href=\"https:\/\/www.efaflex.be\/fr\/conditions-generales-de-vente\/\">Conditions g\u00e9n\u00e9rales<\/a>.<\/p>\n\n\n\n<h2 class=\"wp-block-heading\">Avis juridique<\/h2>\n\n\n\n<p>EFAFLEX BV r\u00e9vise et met \u00e0 jour en permanence les informations figurant sur ses sites web. Malgr\u00e9 l&#8217;exactitude des donn\u00e9es, celles-ci peuvent avoir chang\u00e9 entre-temps. Par cons\u00e9quent, nous n&#8217;assumons aucune responsabilit\u00e9 quant \u00e0 l&#8217;actualit\u00e9, l&#8217;exactitude et l&#8217;exhaustivit\u00e9 des informations fournies sur ce site.<\/p>\n\n\n\n<p>Il en va de m\u00eame pour tous les autres sites web auxquels nous renvoyons par un lien hypertexte. EFAFLEX BV n&#8217;est pas responsable du contenu des sites Web accessibles par ces liens.<\/p>\n\n\n\n<p>En outre, EFAFLEX BV se r\u00e9serve le droit de modifier ou de compl\u00e9ter les informations fournies.<\/p>\n\n\n\n<p>Le contenu et la structure des sites web d&#8217;EFAFLEX sont prot\u00e9g\u00e9s par le droit d&#8217;auteur.<\/p>\n\n\n\n<p>\u00a9 EFAFLEX BV, 2830 Willebroek \/ Belgique<\/p>\n\n\n\n<h2 class=\"wp-block-heading\">Cr\u00e9dits photos<\/h2>\n\n\n\n<p><strong>iStock<\/strong><\/p>\n\n\n\n<p>\u00a9iStock.com\/industryview (942164000, 941391886)<br>\u00a9iStock.com\/eclipse_images (877709302)<br>\u00a9iStock.com\/GA161076 (970028456)<br>\u00a9iStock.com\/alvarez (1150572097, 1020484974, 1210182380)<br>\u00a9iStock.com\/7postman (186678868)<br>\u00a9iStock.com\/gilaxia (937775554)<br>\u00a9iStock.com\/Drazen-Zigic (1152648684, 1151857241)<br>\u00a9iStock.com\/Siam-Virachitevin (1330673199)<br>\u00a9iStock.com\/gorodenkoff (1367303257)<br>\u00a9iStock.com\/Jay-Yuno (1149529036)<br>\u00a9iStock.com\/skynesher (1329457625, 1002018094, 1364149635)<br>\u00a9iStock.com\/AzmanL (1338554612)<br>\u00a9iStock.com\/FG-Trade (1356386941)<br>\u00a9iStock.com\/Sam-Edwards (167890336)<br>\u00a9iStock.com\/ferrantraite (949490872)<br>\u00a9iStock.com\/Devenorr (1208877001)<br>\u00a9iStock.com\/gremlin (1179434300)<br>\u00a9iStock.com\/Morsa-Images (923222068)<br>\u00a9iStock.com\/AJ_Watt (612854434)<br>\u00a9iStock.com\/Warchi (1351472483)<br>\u00a9iStock.com\/RossHelen (1189488073)<br>\u00a9iStock.com\/hamzaturkkol (184141620)<br>\u00a9iStock.com\/metamorworks (1032516708)<br>\u00a9iStock.com\/Deklofenak (1145430146)<br>\u00a9iStock.com\/nd3000 (850817850)<br>\u00a9iStock.com\/TommL (1014150688)<br>\u00a9iStock.com\/Boris-Jovanovic (1192303836)<br>\u00a9iStock.com\/Halfpoint (1212543391)<br>\u00a9iStock.com\/VioletaStoimenova (1365436662)<br>\u00a9iStock.com\/shapecharge (1185859198)<br>\u00a9iStock.com\/Xavier-Arnau (607463118)<br>\u00a9iStock.com\/Drazen_ (1323558253)<\/p>\n","protected":false},"excerpt":{"rendered":"<p>Informations juridiques EFAFLEX BVAntwerpsesteenweg 452830 Willebroek \/ BelgiqueDirecteur g\u00e9n\u00e9ral : Guido Van PassenT\u00e9l: +32 (0) 450 11 93Courriel : info@efaflexbvba.be Partenaire personnellement responsable :EFAFLEX BVDirecteur g\u00e9n\u00e9ral : Guido Van PassenTribunal d&#8217;enregistrement : AnversNum\u00e9ro de TVA BE 0834.233.157 Conditions g\u00e9n\u00e9rales Pour conna\u00eetre nos conditions g\u00e9n\u00e9rales, veuillez consulter la page Conditions g\u00e9n\u00e9rales. Avis juridique EFAFLEX BV r\u00e9vise [&hellip;]<\/p>\n","protected":false},"author":4,"featured_media":0,"parent":0,"menu_order":91,"comment_status":"closed","ping_status":"closed","template":"","meta":{"_acf_changed":false,"footnotes":""},"class_list":["post-12493","page","type-page","status-publish","hentry"],"acf":[],"_links":{"self":[{"href":"https:\/\/www.efaflex.be\/fr\/wp-json\/wp\/v2\/pages\/12493","targetHints":{"allow":["GET"]}}],"collection":[{"href":"https:\/\/www.efaflex.be\/fr\/wp-json\/wp\/v2\/pages"}],"about":[{"href":"https:\/\/www.efaflex.be\/fr\/wp-json\/wp\/v2\/types\/page"}],"author":[{"embeddable":true,"href":"https:\/\/www.efaflex.be\/fr\/wp-json\/wp\/v2\/users\/4"}],"replies":[{"embeddable":true,"href":"https:\/\/www.efaflex.be\/fr\/wp-json\/wp\/v2\/comments?post=12493"}],"version-history":[{"count":2,"href":"https:\/\/www.efaflex.be\/fr\/wp-json\/wp\/v2\/pages\/12493\/revisions"}],"predecessor-version":[{"id":14495,"href":"https:\/\/www.efaflex.be\/fr\/wp-json\/wp\/v2\/pages\/12493\/revisions\/14495"}],"wp:attachment":[{"href":"https:\/\/www.efaflex.be\/fr\/wp-json\/wp\/v2\/media?parent=12493"}],"curies":[{"name":"wp","href":"https:\/\/api.w.org\/{rel}","templated":true}]}}