{"id":12476,"date":"2022-05-10T11:13:26","date_gmt":"2022-05-10T09:13:26","guid":{"rendered":"https:\/\/www.efaflex.be\/efaflex-sales-academy\/"},"modified":"2025-11-06T16:51:34","modified_gmt":"2025-11-06T15:51:34","slug":"efaflex-sales-academy","status":"publish","type":"page","link":"https:\/\/www.efaflex.be\/fr\/entreprise\/efaflex-sales-academy\/","title":{"rendered":"EFAFLEX Sales Academy"},"content":{"rendered":"\r\n<script type=\"application\/javascript\">\r\n    window.addEventListener('DOMContentLoaded', function() {\r\n        jQuery(document).ready(function($){\r\n            var sliderid = \"block_1d0918c25c3590774e065a14a67ad28d\";\r\n            $('#'+sliderid).slick({\r\n                infinite: true,\r\n                dots: false,\r\n                lazyLoad: 'ondemand',\r\n                autoplay: false,\r\n                arrows: true,\r\n                fade: true,\r\n                speed: 500,\r\n                pauseOnHover: false,\r\n                prevArrow: '<div class=\"slick-prev slick-button\"><svg xmlns=\"http:\/\/www.w3.org\/2000\/svg\" viewBox=\"0 0 448 512\"><!--! Font Awesome Pro 6.1.1 by @fontawesome - https:\/\/fontawesome.com License - https:\/\/fontawesome.com\/license (Commercial License) Copyright 2022 Fonticons, Inc. --><path d=\"M77.25 256l137.4-137.4c12.5-12.5 12.5-32.75 0-45.25s-32.75-12.5-45.25 0l-160 160c-12.5 12.5-12.5 32.75 0 45.25l160 160C175.6 444.9 183.8 448 192 448s16.38-3.125 22.62-9.375c12.5-12.5 12.5-32.75 0-45.25L77.25 256zM269.3 256l137.4-137.4c12.5-12.5 12.5-32.75 0-45.25s-32.75-12.5-45.25 0l-160 160c-12.5 12.5-12.5 32.75 0 45.25l160 160C367.6 444.9 375.8 448 384 448s16.38-3.125 22.62-9.375c12.5-12.5 12.5-32.75 0-45.25L269.3 256z\"\/><\/svg><\/div>',\r\n                nextArrow: '<div class=\"slick-next slick-button\"><svg xmlns=\"http:\/\/www.w3.org\/2000\/svg\" viewBox=\"0 0 448 512\"><!--! Font Awesome Pro 6.1.1 by @fontawesome - https:\/\/fontawesome.com License - https:\/\/fontawesome.com\/license (Commercial License) Copyright 2022 Fonticons, Inc. --><path fill=\"ff0000\" style=\"height: 22px\" d=\"M246.6 233.4l-160-160c-12.5-12.5-32.75-12.5-45.25 0s-12.5 32.75 0 45.25L178.8 256l-137.4 137.4c-12.5 12.5-12.5 32.75 0 45.25C47.63 444.9 55.81 448 64 448s16.38-3.125 22.62-9.375l160-160C259.1 266.1 259.1 245.9 246.6 233.4zM438.6 233.4l-160-160c-12.5-12.5-32.75-12.5-45.25 0s-12.5 32.75 0 45.25L370.8 256l-137.4 137.4c-12.5 12.5-12.5 32.75 0 45.25C239.6 444.9 247.8 448 256 448s16.38-3.125 22.62-9.375l160-160C451.1 266.1 451.1 245.9 438.6 233.4z\"\/><\/svg><\/div>',\r\n            });\r\n        });\r\n    });\r\n<\/script>\r\n\r\n<div id=\"block_1d0918c25c3590774e065a14a67ad28d\" class=\"bild-video-text-slider block-header-bild-video-text-slider\">\r\n                        <div>\r\n                <div class=\"bild-video-text-slider--slide\">\r\n                                            <div class=\"img-vid-box\">\r\n                            <div class=\"img-sizer\">\r\n                                <img decoding=\"async\" width=\"1243\" height=\"800\" src=\"https:\/\/www.efaflex.be\/wp-content\/uploads\/sites\/6\/2022\/07\/Digitales_Tor_Tablet_A3-2-1-1243x800.jpg\" class=\"attachment-image-big size-image-big\" alt=\"\" \/>                            <\/div>\r\n                        <\/div>\r\n                        <div class=\"video-text\">\r\n                            <h1><span id=\"[0,7]\" class=\"word\">EFAFLEX<\/span> <span id=\"[8,9]\" class=\"word\">\u2013<\/span> <span class=\"highlighted\"><span id=\"[10,15]\" class=\"word\">leader mondial<\/span><\/span> dans le secteur des portes rapides industrielles.<\/h1>\n                        <\/div>\r\n                                    <\/div>\r\n\r\n            <\/div>\r\n            <\/div>\n\n\r\n\r\n<div id=\"breadcrump-block_a54ef4b3b8ce2611fbaf7d0887496423\" class=\"inner\">\r\n        <nav class=\"breadcrumb\"><a href=\"https:\/\/www.efaflex.be\/fr\/\">Page d&#8217;accueil<\/a> \/ <span class=\"current-page\">Page<\/span><\/nav>    <\/div>\n\n\n<div style=\"height:100px\" aria-hidden=\"true\" class=\"wp-block-spacer\"><\/div>\n\n\n\r\n\r\n<div id=\"textmodul-3-spalten-block_47f770159bfda9d61962f5bb16d7c386\" class=\"textmodul-3-spalten\">\r\n    <div class=\"inner\">\r\n        <div class=\"custom-flex-box\">\r\n                            <h2 class=\"flex-box-thirty break headline-two false\">Notre savoir-faire pour des conseils professionnels.<\/h2>\r\n                        <div class=\"flex-box-thirty\"><p>Seules les personnes qui connaissent les produits et applications dans les moindres d\u00e9tails peuvent conseiller leurs clients de mani\u00e8re optimale. C\u2019est pourquoi EFAFLEX accorde \u00e9norm\u00e9ment d\u2019importance \u00e0 la formation initiale et continue permanente de nos collaboratrices et collaborateurs en interne et des partenaires commerciaux externes dans le monde entier.<\/p>\n<\/div>\r\n            <div class=\"flex-box-thirty\"><p>EFAFLEX Sales Academy offre une formation initiale et continue compl\u00e8te et pratique aussi bien \u00e0 son personnel qu\u2019\u00e0 ses partenaires dans le monde entier.<\/p>\n<\/div>\r\n        <\/div>\r\n    <\/div>\r\n<\/div>\r\n\n\n\n<div style=\"height:100px\" aria-hidden=\"true\" class=\"wp-block-spacer\"><\/div>\n\n\n\r\n\r\n<div id=\"textmodul-3-spalten-block_f92d39a4b3b5e61a40ad5118bb8bcade\" class=\"textmodul-3-spalten\">\r\n    <div class=\"inner\">\r\n        <div class=\"custom-flex-box\">\r\n                            <h2 class=\"flex-box-thirty break headline-two false\">M\u00e9thodologie<\/h2>\r\n                        <div class=\"flex-box-thirty\"><\/div>\r\n            <div class=\"flex-box-thirty\"><\/div>\r\n        <\/div>\r\n    <\/div>\r\n<\/div>\r\n\n\n\n<p>En raison du caract\u00e8re international de notre entreprise et d\u2019une am\u00e9lioration constante, nous devons nous aussi trouver de nouvelles solutions.<\/p>\n\n\n\n<div style=\"height:44px\" aria-hidden=\"true\" class=\"wp-block-spacer\"><\/div>\n\n\n<div class=\"inner\">\r\n    <div id=\"bild-text-modul-1-3-block_b2b01561a17638efd9b3ae4cf6d518b6\" class=\"themen-container custom-flex-box\">\r\n                                    <div class=\"thema-box flex-box-thirty\">\r\n                                            <div class=\"bild-box\">\r\n                                                                                                                    <img decoding=\"async\" width=\"517\" height=\"306\" src=\"https:\/\/www.efaflex.be\/wp-content\/uploads\/sites\/6\/2022\/07\/Digitales_Tor_Tablet_A3-12-1.jpg\" class=\"attachment-thementease-thumbnail size-thementease-thumbnail\" alt=\"\" srcset=\"https:\/\/www.efaflex.be\/wp-content\/uploads\/sites\/6\/2022\/07\/Digitales_Tor_Tablet_A3-12-1.jpg 517w, https:\/\/www.efaflex.be\/wp-content\/uploads\/sites\/6\/2022\/07\/Digitales_Tor_Tablet_A3-12-1-300x178.jpg 300w\" sizes=\"(max-width: 517px) 100vw, 517px\" \/>                                                    <\/div>\r\n                                            \r\n                                                                <h2 class=\"headline-two\">\r\n                            <span>Formations en pr\u00e9sentiel<\/span>                            Au niveau national \/ international                        <\/h2>\r\n                    \r\n                        <p class=\"normal-font\">Des formations r\u00e9guli\u00e8res sur les produits, le montage et l\u2019entretien font partie du quotidien de tous les techniciens de service. Nous formons \u00e9galement en coop\u00e9ration avec le T\u00dcV, la protection anti-explosion et la formation VDE (EFKffT, formation d\u2019\u00e9lectricien pour des travaux fixes).<\/p>\r\n                                                                                        <\/div>\r\n                            <div class=\"thema-box flex-box-thirty\">\r\n                                            <div class=\"bild-box\">\r\n                                                                                                                    <img decoding=\"async\" width=\"517\" height=\"306\" src=\"https:\/\/www.efaflex.be\/wp-content\/uploads\/sites\/6\/2022\/07\/Digitales_Tor_Tablet_A3-4-1.jpg\" class=\"attachment-thementease-thumbnail size-thementease-thumbnail\" alt=\"\" srcset=\"https:\/\/www.efaflex.be\/wp-content\/uploads\/sites\/6\/2022\/07\/Digitales_Tor_Tablet_A3-4-1.jpg 517w, https:\/\/www.efaflex.be\/wp-content\/uploads\/sites\/6\/2022\/07\/Digitales_Tor_Tablet_A3-4-1-300x178.jpg 300w\" sizes=\"(max-width: 517px) 100vw, 517px\" \/>                                                    <\/div>\r\n                                            \r\n                                                                <h2 class=\"headline-two\">\r\n                            <span>Apprentissage en ligne<\/span>                            24h\/24 et 7j\/7, disponible en plusieurs langues                        <\/h2>\r\n                    \r\n                        <p class=\"normal-font\">Nous proposons \u00e0 nos clients ainsi qu\u2019\u00e0 nos collaboratrices et collaborateurs de nombreuses possibilit\u00e9s individuelles d\u2019apprentissage en ligne et en plusieurs langues et, bien s\u00fbr ici sur le site Internet, via nos vid\u00e9os de produit internes.<\/p>\r\n                                                                                        <\/div>\r\n                            <div class=\"thema-box flex-box-thirty\">\r\n                                            <div class=\"bild-box\">\r\n                                                                                                                    <img decoding=\"async\" width=\"517\" height=\"306\" src=\"https:\/\/www.efaflex.be\/wp-content\/uploads\/sites\/6\/2022\/07\/Digitales_Tor_Tablet_A3-15-1.jpg\" class=\"attachment-thementease-thumbnail size-thementease-thumbnail\" alt=\"\" srcset=\"https:\/\/www.efaflex.be\/wp-content\/uploads\/sites\/6\/2022\/07\/Digitales_Tor_Tablet_A3-15-1.jpg 517w, https:\/\/www.efaflex.be\/wp-content\/uploads\/sites\/6\/2022\/07\/Digitales_Tor_Tablet_A3-15-1-300x178.jpg 300w\" sizes=\"(max-width: 517px) 100vw, 517px\" \/>                                                    <\/div>\r\n                                            \r\n                                                                <h2 class=\"headline-two\">\r\n                            <span>Tutoriels diffus\u00e9s sur Internet<\/span>                            Tutoriels                        <\/h2>\r\n                    \r\n                        <p class=\"normal-font\">Nous \u00e9largissons r\u00e9guli\u00e8rement nos tutoriels diffus\u00e9s sur Internet et offrons ainsi un acc\u00e8s simple aux informations relatives \u00e0 nos produits et aux secteurs et domaines d\u2019utilisation de nos portes.<\/p>\r\n                                                                                        <\/div>\r\n                            <div class=\"thema-box flex-box-thirty\">\r\n                                            <div class=\"bild-box\">\r\n                                                                                                                    <img decoding=\"async\" width=\"517\" height=\"306\" src=\"https:\/\/www.efaflex.be\/wp-content\/uploads\/sites\/6\/2022\/07\/sales-academy-unternehmen-efaflex.jpg\" class=\"attachment-thementease-thumbnail size-thementease-thumbnail\" alt=\"\" srcset=\"https:\/\/www.efaflex.be\/wp-content\/uploads\/sites\/6\/2022\/07\/sales-academy-unternehmen-efaflex.jpg 517w, https:\/\/www.efaflex.be\/wp-content\/uploads\/sites\/6\/2022\/07\/sales-academy-unternehmen-efaflex-300x178.jpg 300w\" sizes=\"(max-width: 517px) 100vw, 517px\" \/>                                                    <\/div>\r\n                                            \r\n                                                                <h2 class=\"headline-two\">\r\n                            <span>Formateurs internes<\/span>                            Formation continue en interne                        <\/h2>\r\n                    \r\n                        <p class=\"normal-font\">Les formateurs acqui\u00e8rent leur qualification via le concept de formation des formateurs afin d\u2019am\u00e9liorer le savoir-faire n\u00e9cessaire en mati\u00e8re de transmission des connaissances.<\/p>\r\n                                                                                        <\/div>\r\n                            <div class=\"thema-box flex-box-thirty\">\r\n                                            <div class=\"bild-box\">\r\n                                                                                                                    <img decoding=\"async\" width=\"517\" height=\"306\" src=\"https:\/\/www.efaflex.be\/wp-content\/uploads\/sites\/6\/2022\/07\/Digitales_Tor_Tablet_A3-19.jpg\" class=\"attachment-thementease-thumbnail size-thementease-thumbnail\" alt=\"\" srcset=\"https:\/\/www.efaflex.be\/wp-content\/uploads\/sites\/6\/2022\/07\/Digitales_Tor_Tablet_A3-19.jpg 517w, https:\/\/www.efaflex.be\/wp-content\/uploads\/sites\/6\/2022\/07\/Digitales_Tor_Tablet_A3-19-300x178.jpg 300w\" sizes=\"(max-width: 517px) 100vw, 517px\" \/>                                                    <\/div>\r\n                                            \r\n                                                                <h2 class=\"headline-two\">\r\n                            <span>Savoir-faire de l\u2019entreprise<\/span>                            Expertise                        <\/h2>\r\n                    \r\n                        <p class=\"normal-font\">Chaque porte EFAFLEX rec\u00e8le un savoir-faire sp\u00e9cifique de notre entreprise qui permet d\u2019assurer que nos portes s\u2019ouvrent et se ferment de mani\u00e8re p\u00e9renne.<\/p>\r\n                                                                                        <\/div>\r\n                            <div class=\"thema-box flex-box-thirty\">\r\n                                            <div class=\"bild-box\">\r\n                                                                                                                    <img decoding=\"async\" width=\"517\" height=\"306\" src=\"https:\/\/www.efaflex.be\/wp-content\/uploads\/sites\/6\/2022\/07\/Digitales_Tor_Tablet_A3-18.jpg\" class=\"attachment-thementease-thumbnail size-thementease-thumbnail\" alt=\"\" srcset=\"https:\/\/www.efaflex.be\/wp-content\/uploads\/sites\/6\/2022\/07\/Digitales_Tor_Tablet_A3-18.jpg 517w, https:\/\/www.efaflex.be\/wp-content\/uploads\/sites\/6\/2022\/07\/Digitales_Tor_Tablet_A3-18-300x178.jpg 300w\" sizes=\"(max-width: 517px) 100vw, 517px\" \/>                                                    <\/div>\r\n                                            \r\n                                                                <h2 class=\"headline-two\">\r\n                            <span>Formateurs externes<\/span>                            Formation continue externe                        <\/h2>\r\n                    \r\n                        <p class=\"normal-font\">Nous faisons appel \u00e0 des experts externes pour tous les sujets importants que nous ne pouvons pas couvrir avec nos formateurs internes.<\/p>\r\n                                                                                        <\/div>\r\n                        <\/div>\r\n<\/div>\r\n\n\n\n<div style=\"height:200px\" aria-hidden=\"true\" class=\"wp-block-spacer\"><\/div>\n\n\n\r\n<style type=\"text\/css\">\r\n    #zahlen-fakten-modul-block_d5d63b022a155b9fd5acdf761b568e18 {\r\n    \/* Add styles that use ACF values here *\/\r\n    }\r\n<\/style>\r\n\r\n<div class=\"zahlen-fakten-modul\">\r\n            \r\n            <div class=\"vid-img-left\">\r\n                                    <div class=\"img-vid-box\">\r\n                                                                                                    <img decoding=\"async\" width=\"1280\" height=\"720\" src=\"https:\/\/www.efaflex.be\/wp-content\/uploads\/sites\/6\/2022\/07\/unternehmen_sales_branchenwissen.jpg\" class=\"attachment-zahlen-fakten-bild size-zahlen-fakten-bild\" alt=\"\" srcset=\"https:\/\/www.efaflex.be\/wp-content\/uploads\/sites\/6\/2022\/07\/unternehmen_sales_branchenwissen.jpg 1280w, https:\/\/www.efaflex.be\/wp-content\/uploads\/sites\/6\/2022\/07\/unternehmen_sales_branchenwissen-300x169.jpg 300w, https:\/\/www.efaflex.be\/wp-content\/uploads\/sites\/6\/2022\/07\/unternehmen_sales_branchenwissen-1024x576.jpg 1024w, https:\/\/www.efaflex.be\/wp-content\/uploads\/sites\/6\/2022\/07\/unternehmen_sales_branchenwissen-768x432.jpg 768w\" sizes=\"(max-width: 1280px) 100vw, 1280px\" \/>                                            <\/div>\r\n                            <\/div>\r\n\r\n                        \r\n            <div class=\"text-right\">\r\n                                    <div class=\"inner-box only-headline\">\r\n                        <h2><p>Connaissances d\u00e9taill\u00e9es du secteur d\u2019experts pour les experts.<\/p>\n<\/h2>\r\n                    <\/div>\r\n                            <\/div>\r\n\r\n            <\/div>\n\n\n<div style=\"height:200px\" aria-hidden=\"true\" class=\"wp-block-spacer\"><\/div>\n\n\n\r\n<div id=\"bild-text-modul-links-rechts-block_32694005cb9273cb86f48f73f5c49457\" class=\"bild-text-modul-container\">\r\n    <div class=\"inner\">\r\n                        \r\n                                    \r\n                            <div id=\"\" class=\"bild-text-modul-rechts bild-text-modul\">\r\n                                <div class=\"custom-flex-box\">\r\n                                    <div class=\"flex-box-fourty text-container\">\r\n                                        <div class=\"text-container-flex\">\r\n                                            <div class=\"text-inner\">\r\n\r\n                                                                                                                                                            <div class=\"text-left-border\">\r\n                                                            <div class=\"text-cut\">\r\n                                                                \r\n\r\n                                                                                                                                    <h3 class=\"headline-two\">Rencontre d\u2019experts.<\/h3>                                                                \r\n\r\n                                                                <p class=\"normal-font full-text\"><p>Des ateliers permettent un transfert de savoir-faire r\u00e9gulier afin d\u2019approfondir les connaissances sp\u00e9cifiques de nos experts ainsi que pour aider nos clients et utilisateurs \u00e0 prendre des d\u00e9cisions.<\/p>\n<\/p>\r\n\r\n                                                            <\/div>\r\n                                                            <div class=\"button-box\">\r\n                                                                                                                                \r\n                                                                                                                                                                                                                                                                                                                                                                                                                                                                                    <\/div>\r\n                                                        <\/div>\r\n                                                                                                    \r\n                                            <\/div>\r\n                                        <\/div>\r\n                                    <\/div>\r\n                                    <div class=\"flex-box-sixty bild-container\">\r\n                                                                                                                                                                                                                                                                                        <img decoding=\"async\" width=\"923\" height=\"556\" src=\"https:\/\/www.efaflex.be\/wp-content\/uploads\/sites\/6\/2022\/07\/expertenrunde-unternehmen-sales-academy-efaflex.jpg\" class=\"attachment-full size-full\" alt=\"\" srcset=\"https:\/\/www.efaflex.be\/wp-content\/uploads\/sites\/6\/2022\/07\/expertenrunde-unternehmen-sales-academy-efaflex.jpg 923w, https:\/\/www.efaflex.be\/wp-content\/uploads\/sites\/6\/2022\/07\/expertenrunde-unternehmen-sales-academy-efaflex-300x181.jpg 300w, https:\/\/www.efaflex.be\/wp-content\/uploads\/sites\/6\/2022\/07\/expertenrunde-unternehmen-sales-academy-efaflex-768x463.jpg 768w\" sizes=\"(max-width: 923px) 100vw, 923px\" \/>                                                                                                                                                                        <\/div>\r\n                                <\/div>\r\n                            <\/div>\r\n                                    \r\n            \r\n\r\n                                                                                    <div id=\"\" class=\"bild-text-modul-links bild-text-modul\">\r\n                                <div class=\"custom-flex-box\">\r\n                                    <div class=\"flex-box-sixty bild-container\">\r\n                                                                                                                                                                                                                                                                                        <img decoding=\"async\" width=\"923\" height=\"556\" src=\"https:\/\/www.efaflex.be\/wp-content\/uploads\/sites\/6\/2022\/07\/Digitales_Tor_Tablet_A3-16.jpg\" class=\"attachment-full size-full\" alt=\"\" srcset=\"https:\/\/www.efaflex.be\/wp-content\/uploads\/sites\/6\/2022\/07\/Digitales_Tor_Tablet_A3-16.jpg 923w, https:\/\/www.efaflex.be\/wp-content\/uploads\/sites\/6\/2022\/07\/Digitales_Tor_Tablet_A3-16-300x181.jpg 300w, https:\/\/www.efaflex.be\/wp-content\/uploads\/sites\/6\/2022\/07\/Digitales_Tor_Tablet_A3-16-768x463.jpg 768w\" sizes=\"(max-width: 923px) 100vw, 923px\" \/>                                                                                                                                                                        <\/div>\r\n\r\n                                    <div class=\"flex-box-fourty text-container\">\r\n                                        <div class=\"text-container-flex\">\r\n                                            <div class=\"text-inner\">\r\n                                                                                                                                                            <div class=\"text-left-border\">\r\n                                                            <div class=\"text-cut\">\r\n                                                                \r\n\r\n                                                                                                                                          <h3 class=\"headline-two\">Des connaissances sur les portes \u00e0 la port\u00e9e de tous.<\/h3>                                                                   \r\n\r\n                                                                <p class=\"normal-font\"><p>Dans des tutoriels vid\u00e9o, EFAFLEX Academy met en lumi\u00e8re des sujets importants concernant les portes rapides dans diff\u00e9rents secteurs et domaines d\u2019utilisation.<\/p>\n<\/p>\r\n                                                            <\/div>\r\n                                                            <div class=\"button-box\">\r\n                                                                                                                                                                                                                                                                                                                                                              <a class=\"load-more-button\" href=\"https:\/\/www.efaflex.be\/fr\/mediatheque\/tutorials\/\" target=\"_blank\">En savoir plus<\/a>\r\n                                                                                                                                                                                                                                                                        <\/div>\r\n                                                        <\/div>\r\n                                                                                                                                                <\/div>\r\n                                        <\/div>\r\n                                    <\/div>\r\n                                <\/div>\r\n                            <\/div>\r\n\r\n                                    \r\n            \r\n\r\n        \r\n\r\n\r\n        <\/div>\r\n<\/div>\r\n\r\n<style>\r\n    .bild-text-modul {\r\n        scroll-margin-top: 143px;\r\n    }\r\n<\/style>\n\n\n<div style=\"height:100px\" aria-hidden=\"true\" class=\"wp-block-spacer\"><\/div>\n","protected":false},"excerpt":{"rendered":"<p>En raison du caract\u00e8re international de notre entreprise et d\u2019une am\u00e9lioration constante, nous devons nous aussi trouver de nouvelles solutions.<\/p>\n","protected":false},"author":4,"featured_media":0,"parent":12510,"menu_order":19,"comment_status":"closed","ping_status":"closed","template":"","meta":{"_acf_changed":false,"footnotes":""},"class_list":["post-12476","page","type-page","status-publish","hentry"],"acf":[],"_links":{"self":[{"href":"https:\/\/www.efaflex.be\/fr\/wp-json\/wp\/v2\/pages\/12476","targetHints":{"allow":["GET"]}}],"collection":[{"href":"https:\/\/www.efaflex.be\/fr\/wp-json\/wp\/v2\/pages"}],"about":[{"href":"https:\/\/www.efaflex.be\/fr\/wp-json\/wp\/v2\/types\/page"}],"author":[{"embeddable":true,"href":"https:\/\/www.efaflex.be\/fr\/wp-json\/wp\/v2\/users\/4"}],"replies":[{"embeddable":true,"href":"https:\/\/www.efaflex.be\/fr\/wp-json\/wp\/v2\/comments?post=12476"}],"version-history":[{"count":7,"href":"https:\/\/www.efaflex.be\/fr\/wp-json\/wp\/v2\/pages\/12476\/revisions"}],"predecessor-version":[{"id":19600,"href":"https:\/\/www.efaflex.be\/fr\/wp-json\/wp\/v2\/pages\/12476\/revisions\/19600"}],"up":[{"embeddable":true,"href":"https:\/\/www.efaflex.be\/fr\/wp-json\/wp\/v2\/pages\/12510"}],"wp:attachment":[{"href":"https:\/\/www.efaflex.be\/fr\/wp-json\/wp\/v2\/media?parent=12476"}],"curies":[{"name":"wp","href":"https:\/\/api.w.org\/{rel}","templated":true}]}}