{"id":12398,"date":"2022-05-10T11:36:54","date_gmt":"2022-05-10T09:36:54","guid":{"rendered":"https:\/\/www.efaflex.be\/school-pupils\/"},"modified":"2024-07-31T12:48:05","modified_gmt":"2024-07-31T10:48:05","slug":"eleves-du-secondaire","status":"publish","type":"page","link":"https:\/\/www.efaflex.be\/fr\/carriere\/eleves-du-secondaire\/","title":{"rendered":"\u00c9l\u00e8ves du secondaire"},"content":{"rendered":"\r\n<script type=\"application\/javascript\">\r\n    window.addEventListener('DOMContentLoaded', function() {\r\n        jQuery(document).ready(function($){\r\n            var sliderid = \"block_d476a8ca55c2788535c7bf93bf5ac088\";\r\n            $('#'+sliderid).slick({\r\n                infinite: true,\r\n                dots: false,\r\n                lazyLoad: 'ondemand',\r\n                autoplay: false,\r\n                arrows: true,\r\n                fade: true,\r\n                speed: 500,\r\n                pauseOnHover: false,\r\n                prevArrow: '<div class=\"slick-prev slick-button\"><svg xmlns=\"http:\/\/www.w3.org\/2000\/svg\" viewBox=\"0 0 448 512\"><!--! Font Awesome Pro 6.1.1 by @fontawesome - https:\/\/fontawesome.com License - https:\/\/fontawesome.com\/license (Commercial License) Copyright 2022 Fonticons, Inc. --><path d=\"M77.25 256l137.4-137.4c12.5-12.5 12.5-32.75 0-45.25s-32.75-12.5-45.25 0l-160 160c-12.5 12.5-12.5 32.75 0 45.25l160 160C175.6 444.9 183.8 448 192 448s16.38-3.125 22.62-9.375c12.5-12.5 12.5-32.75 0-45.25L77.25 256zM269.3 256l137.4-137.4c12.5-12.5 12.5-32.75 0-45.25s-32.75-12.5-45.25 0l-160 160c-12.5 12.5-12.5 32.75 0 45.25l160 160C367.6 444.9 375.8 448 384 448s16.38-3.125 22.62-9.375c12.5-12.5 12.5-32.75 0-45.25L269.3 256z\"\/><\/svg><\/div>',\r\n                nextArrow: '<div class=\"slick-next slick-button\"><svg xmlns=\"http:\/\/www.w3.org\/2000\/svg\" viewBox=\"0 0 448 512\"><!--! Font Awesome Pro 6.1.1 by @fontawesome - https:\/\/fontawesome.com License - https:\/\/fontawesome.com\/license (Commercial License) Copyright 2022 Fonticons, Inc. --><path fill=\"ff0000\" style=\"height: 22px\" d=\"M246.6 233.4l-160-160c-12.5-12.5-32.75-12.5-45.25 0s-12.5 32.75 0 45.25L178.8 256l-137.4 137.4c-12.5 12.5-12.5 32.75 0 45.25C47.63 444.9 55.81 448 64 448s16.38-3.125 22.62-9.375l160-160C259.1 266.1 259.1 245.9 246.6 233.4zM438.6 233.4l-160-160c-12.5-12.5-32.75-12.5-45.25 0s-12.5 32.75 0 45.25L370.8 256l-137.4 137.4c-12.5 12.5-12.5 32.75 0 45.25C239.6 444.9 247.8 448 256 448s16.38-3.125 22.62-9.375l160-160C451.1 266.1 451.1 245.9 438.6 233.4z\"\/><\/svg><\/div>',\r\n            });\r\n        });\r\n    });\r\n<\/script>\r\n\r\n<div id=\"block_d476a8ca55c2788535c7bf93bf5ac088\" class=\"bild-video-text-slider block-header-bild-video-text-slider\">\r\n                        <div>\r\n                <div class=\"bild-video-text-slider--slide\">\r\n                                            <div class=\"img-vid-box\">\r\n                            <div class=\"img-sizer\">\r\n                                <img decoding=\"async\" width=\"1920\" height=\"800\" src=\"https:\/\/www.efaflex.be\/wp-content\/uploads\/sites\/6\/2022\/10\/schueler-berufsausbildung-karriere-efaflex-headerbild-1920x800.jpg\" class=\"attachment-image-big size-image-big\" alt=\"Ausbildung bei Efaflex\" \/>                            <\/div>\r\n                        <\/div>\r\n                        <div class=\"video-text\">\r\n                            <h1>EFAFLEX \u2013 le d\u00e9marrage parfait dans<span class=\"highlighted\">la vie professionnelle<\/span><\/h1>\n<h1><\/h1>\n                        <\/div>\r\n                                    <\/div>\r\n\r\n            <\/div>\r\n            <\/div>\n\n\r\n\r\n<div id=\"breadcrump-block_9c75c9ce23182c10bed6e98a974f8caa\" class=\"inner\">\r\n        <nav class=\"breadcrumb\"><a href=\"https:\/\/www.efaflex.be\/fr\/\">Page d&#8217;accueil<\/a> \/ <span class=\"current-page\">Page<\/span><\/nav>    <\/div>\n\n\n<div style=\"height:100px\" aria-hidden=\"true\" class=\"wp-block-spacer\"><\/div>\n\n\n\r\n\r\n<div id=\"textmodul-3-spalten-block_a291bc91aa7faa6ee3e9820c0c394bda\" class=\"textmodul-3-spalten\">\r\n    <div class=\"inner\">\r\n        <div class=\"custom-flex-box\">\r\n                            <h2 class=\"flex-box-thirty break headline-two false\">Ta formation professionnelle chez EFAFLEX<\/h2>\r\n                        <div class=\"flex-box-thirty\"><p>Pose des jalons pour ton avenir et d\u00e9marre une vie professionnelle r\u00e9ussie par une formation professionnelle chez EFAFLEX.<\/p>\n<p>Pendant la formation, tu passeras par de nombreux services et auras ainsi le meilleur aper\u00e7u de notre entreprise. Peu importe le m\u00e9tier pour lequel tu te formes chez nous\u00a0: tu b\u00e9n\u00e9ficieras d\u2019une formation de premier ordre avec un soutien professionnel.<\/p>\n<p>Les gens curieux, toujours pr\u00eats \u00e0 apprendre et qui s\u2019engagent pour leur avenir trouveront chez EFAFLEX de nombreuses opportunit\u00e9s passionnantes pour entrer dans le monde du travail.<\/p>\n<\/div>\r\n            <div class=\"flex-box-thirty\"><p>Stage pour \u00e9l\u00e8ves du secondaire\u00a0:<\/p>\n<p>Un stage chez EFAFLEX est possible toute l\u2019ann\u00e9e. Il faut g\u00e9n\u00e9ralement une semaine pour parcourir les diff\u00e9rents services. Cela donne un premier aper\u00e7u du quotidien professionnel de chaque service. Tu y assisteras le personnel administratif ainsi que les collaboratrices et collaborateurs dans leurs diff\u00e9rentes activit\u00e9s en te familiarisant ainsi avec notre entreprise et nos produits.<\/p>\n<p>Nous proposons les domaines de stage et de formation suivants\u00a0:<\/p>\n<\/div>\r\n        <\/div>\r\n    <\/div>\r\n<\/div>\r\n\n\n\n<div style=\"height:100px\" aria-hidden=\"true\" class=\"wp-block-spacer\"><\/div>\n\n\n\r\n<div id=\"bild-text-modul-links-rechts-block_58f62788a7e537480453d1048df64fcc\" class=\"bild-text-modul-container\">\r\n    <div class=\"inner\">\r\n                                                                                        <div id=\"\" class=\"bild-text-modul-links bild-text-modul\">\r\n                                <div class=\"custom-flex-box\">\r\n                                    <div class=\"flex-box-sixty bild-container\">\r\n                                                                                                                                                                                                                                                                                        <img decoding=\"async\" width=\"923\" height=\"556\" src=\"https:\/\/www.efaflex.be\/wp-content\/uploads\/sites\/6\/2022\/07\/karriere_schueler_bildlinks.jpg\" class=\"attachment-full size-full\" alt=\"\" srcset=\"https:\/\/www.efaflex.be\/wp-content\/uploads\/sites\/6\/2022\/07\/karriere_schueler_bildlinks.jpg 923w, https:\/\/www.efaflex.be\/wp-content\/uploads\/sites\/6\/2022\/07\/karriere_schueler_bildlinks-300x181.jpg 300w, https:\/\/www.efaflex.be\/wp-content\/uploads\/sites\/6\/2022\/07\/karriere_schueler_bildlinks-768x463.jpg 768w\" sizes=\"(max-width: 923px) 100vw, 923px\" \/>                                                                                                                                                                        <\/div>\r\n\r\n                                    <div class=\"flex-box-fourty text-container\">\r\n                                        <div class=\"text-container-flex\">\r\n                                            <div class=\"text-inner\">\r\n                                                                                                                                                            <div class=\"text-left-border\">\r\n                                                            <div class=\"text-cut\">\r\n                                                                \r\n\r\n                                                                                                                                          <h2 class=\"headline-two\">Domaine commercial.<\/h2>                                                                   \r\n\r\n                                                                <p class=\"normal-font\"><p>Tes domaines de travail et activit\u00e9s sont ici tr\u00e8s vari\u00e9s\u00a0: administration, gestion du personnel et comptabilit\u00e9, logistique, commerce, correspondance avec les clients et les fournisseurs, etc.<\/p>\n<\/p>\r\n                                                            <\/div>\r\n                                                            <div class=\"button-box\">\r\n                                                                                                                                                                                                                                                              <\/div>\r\n                                                        <\/div>\r\n                                                                                                                                                <\/div>\r\n                                        <\/div>\r\n                                    <\/div>\r\n                                <\/div>\r\n                            <\/div>\r\n\r\n                                    \r\n            \r\n\r\n                    \r\n                                    \r\n                            <div id=\"\" class=\"bild-text-modul-rechts bild-text-modul\">\r\n                                <div class=\"custom-flex-box\">\r\n                                    <div class=\"flex-box-fourty text-container\">\r\n                                        <div class=\"text-container-flex\">\r\n                                            <div class=\"text-inner\">\r\n\r\n                                                                                                                                                            <div class=\"text-left-border\">\r\n                                                            <div class=\"text-cut\">\r\n                                                                \r\n\r\n                                                                                                                                    <h2 class=\"headline-two\">Domaine industriel.<\/h2>                                                                \r\n\r\n                                                                <p class=\"normal-font full-text\"><p>Tu fais preuve de dext\u00e9rit\u00e9 et tu as de bonnes connaissances de base en math\u00e9matiques\u00a0? Chez nous, tu obtiendras une tr\u00e8s bonne base en mati\u00e8re de travail manuel. En outre, tu apprendras \u00e0 utiliser diff\u00e9rentes machines et travailleras dans l\u2019\u00e9quipe de production de nos portes rapides.<\/p>\n<\/p>\r\n\r\n                                                            <\/div>\r\n                                                            <div class=\"button-box\">\r\n                                                                                                                                \r\n                                                                                                                                                                                                                                                                <\/div>\r\n                                                        <\/div>\r\n                                                                                                    \r\n                                            <\/div>\r\n                                        <\/div>\r\n                                    <\/div>\r\n                                    <div class=\"flex-box-sixty bild-container\">\r\n                                                                                                                                                                                                                                                                                        <img decoding=\"async\" width=\"923\" height=\"556\" src=\"https:\/\/www.efaflex.be\/wp-content\/uploads\/sites\/6\/2022\/07\/karriere_schueler_bildrechts.jpg\" class=\"attachment-full size-full\" alt=\"\" srcset=\"https:\/\/www.efaflex.be\/wp-content\/uploads\/sites\/6\/2022\/07\/karriere_schueler_bildrechts.jpg 923w, https:\/\/www.efaflex.be\/wp-content\/uploads\/sites\/6\/2022\/07\/karriere_schueler_bildrechts-300x181.jpg 300w, https:\/\/www.efaflex.be\/wp-content\/uploads\/sites\/6\/2022\/07\/karriere_schueler_bildrechts-768x463.jpg 768w\" sizes=\"(max-width: 923px) 100vw, 923px\" \/>                                                                                                                                                                        <\/div>\r\n                                <\/div>\r\n                            <\/div>\r\n                                    \r\n            \r\n\r\n        \r\n\r\n\r\n        <\/div>\r\n<\/div>\r\n\r\n<style>\r\n    .bild-text-modul {\r\n        scroll-margin-top: 143px;\r\n    }\r\n<\/style>\n\n\n<div style=\"height:200px\" aria-hidden=\"true\" class=\"wp-block-spacer\"><\/div>\n\n\n\r\n<div id=\"praktikum-block_37c7f967d9bef1117fd60a6d970a87f2\" class=\"praktikum inner\">\r\n    <h2>Tu es int\u00e9ress\u00e9(e) par un stage de d\u00e9couverte ?<\/h2>\r\n            <div class=\"praktikum--container custom-flex-box\">\r\n                        <div class=\"flex-box-fifty custom-flex-box\">\r\n                <span class=\"flex-box-fourty\">Praktikumsstellen:<\/span>\r\n                <span class=\"flex-box-sixty\">Commercial(e) industriel(le),<br \/>\r\nM\u00e9catronicien(ne),<br \/>\r\nInformaticien(ne) sp\u00e9cialis\u00e9(e) en d\u00e9veloppement d\u2019applications (sp\u00e9cialisation SAP),<br \/>\r\nInformaticien(ne) sp\u00e9cialis\u00e9(e) en int\u00e9gration de syst\u00e8mes<\/span>\r\n            <\/div>\r\n            <div class=\"flex-box-fifty\">\r\n                <table>\r\n                    <tr>\r\n                        <td>Beginn:<\/td>\r\n                        <td>\u00e0 tout moment, \u00e0 convenir<\/td>\r\n                    <\/tr>\r\n                    <tr>\r\n                        <td>Dauer:<\/td>\r\n                        <td>une semaine, le plus souvent, \u00e0 organiser individuellement<\/td>\r\n                    <\/tr>\r\n                    <tr>\r\n                        <td>Das solltest du mitbringen:<\/td>\r\n                        <td>l\u2019int\u00e9r\u00eat et l\u2019envie de conna\u00eetre mieux le m\u00e9tier, l\u2019esprit <\/td>\r\n                    <\/tr>\r\n                <\/table>\r\n            <\/div>\r\n                    <\/div>\r\n    <\/div>\n\n\n<div style=\"height:200px\" aria-hidden=\"true\" class=\"wp-block-spacer\"><\/div>\n\n\n\r\n<div id=\"headline-zweizeilig-block_e3387b6bae5e32a9a3f1267311e798d4\" class=\"headline-zweizeilig headline-zweizeilig-zentriert inner smalltext\">\r\n    <p>Nous avons \u00e9veill\u00e9 votre int\u00e9r\u00eat ? N\u2019attendez plus pour d\u00e9poser votre candidature chez <span class=\"highlighted\">EFAFLEX:<\/span><\/p>\n            <\/div>\r\n\n\n\n<div style=\"height:50px\" aria-hidden=\"true\" class=\"wp-block-spacer\"><\/div>\n\n\n\r\n\r\n<div id=\"bild-text-modul-rechts-zweizeilig-block_3c5c2f7e3a66f1e83dcc0b473dce55c9\" class=\"bild-text-modul-zweizeilig-container\">\r\n            \r\n\r\n\r\n            \r\n                                    \r\n\r\n                            <div class=\"bild-text-modul-links-zweizeilig bild-text-modul-zweizeilig\">\r\n                                <div class=\"custom-flex-box-no-margin\">\r\n\r\n                                    <div class=\"flex-box-fifty-no-margin bild-container\">\r\n                                                                                                                                                                                                                                                                                                                                                            <\/div>\r\n\r\n                                    <div class=\"flex-box-fifty-no-margin text-container\">\r\n                                        <div class=\"text-container-flex\">\r\n                                            <div class=\"text-inner\">\r\n                                                                                                                                                            <div class=\"text-left-border\">\r\n                                                            <div class=\"text-cut\">\r\n                                                                \r\n                                                                                                                                    <h3 class=\"headline-two medium-h2\">Votre interlocutrice.<\/h3>                                                                \r\n<!--                                                                <h2 class=\"medium-h2\">--><!--<\/h2>-->\r\n                                                                <p class=\"normal-font\">Nom: Guido Van Passen<br \/>\r\nT\u00e9l.: + 32 3 45 11 93<br \/>\r\nE-mail: info@efaflexbvba.be<\/p>\r\n                                                            <\/div>\r\n                                                            <div class=\"button-box\">\r\n                                                                                                                                                                                            <\/div>\r\n                                                        <\/div>\r\n                                                                                                                                                <\/div>\r\n                                        <\/div>\r\n                                    <\/div>\r\n                                <\/div>\r\n                            <\/div>\r\n\r\n                                    \r\n            \r\n\r\n        \r\n\r\n\r\n    <\/div>\n\n\n<div style=\"height:100px\" aria-hidden=\"true\" class=\"wp-block-spacer\"><\/div>\n","protected":false},"excerpt":{"rendered":"","protected":false},"author":4,"featured_media":0,"parent":12507,"menu_order":7,"comment_status":"closed","ping_status":"closed","template":"","meta":{"_acf_changed":false,"footnotes":""},"class_list":["post-12398","page","type-page","status-publish","hentry"],"acf":[],"_links":{"self":[{"href":"https:\/\/www.efaflex.be\/fr\/wp-json\/wp\/v2\/pages\/12398","targetHints":{"allow":["GET"]}}],"collection":[{"href":"https:\/\/www.efaflex.be\/fr\/wp-json\/wp\/v2\/pages"}],"about":[{"href":"https:\/\/www.efaflex.be\/fr\/wp-json\/wp\/v2\/types\/page"}],"author":[{"embeddable":true,"href":"https:\/\/www.efaflex.be\/fr\/wp-json\/wp\/v2\/users\/4"}],"replies":[{"embeddable":true,"href":"https:\/\/www.efaflex.be\/fr\/wp-json\/wp\/v2\/comments?post=12398"}],"version-history":[{"count":11,"href":"https:\/\/www.efaflex.be\/fr\/wp-json\/wp\/v2\/pages\/12398\/revisions"}],"predecessor-version":[{"id":18138,"href":"https:\/\/www.efaflex.be\/fr\/wp-json\/wp\/v2\/pages\/12398\/revisions\/18138"}],"up":[{"embeddable":true,"href":"https:\/\/www.efaflex.be\/fr\/wp-json\/wp\/v2\/pages\/12507"}],"wp:attachment":[{"href":"https:\/\/www.efaflex.be\/fr\/wp-json\/wp\/v2\/media?parent=12398"}],"curies":[{"name":"wp","href":"https:\/\/api.w.org\/{rel}","templated":true}]}}