{"id":12395,"date":"2022-05-10T11:37:06","date_gmt":"2022-05-10T09:37:06","guid":{"rendered":"https:\/\/www.efaflex.be\/students\/"},"modified":"2025-01-27T13:59:44","modified_gmt":"2025-01-27T12:59:44","slug":"etudiants-diplomes","status":"publish","type":"page","link":"https:\/\/www.efaflex.be\/fr\/carriere\/etudiants-diplomes\/","title":{"rendered":"\u00c9tudiants \/ dipl\u00f4m\u00e9s"},"content":{"rendered":"\r\n<script type=\"application\/javascript\">\r\n    window.addEventListener('DOMContentLoaded', function() {\r\n        jQuery(document).ready(function($){\r\n            var sliderid = \"block_7547a4202b9f46e656d1b4f6cfb540e9\";\r\n            $('#'+sliderid).slick({\r\n                infinite: true,\r\n                dots: false,\r\n                lazyLoad: 'ondemand',\r\n                autoplay: false,\r\n                arrows: true,\r\n                fade: true,\r\n                speed: 500,\r\n                pauseOnHover: false,\r\n                prevArrow: '<div class=\"slick-prev slick-button\"><svg xmlns=\"http:\/\/www.w3.org\/2000\/svg\" viewBox=\"0 0 448 512\"><!--! Font Awesome Pro 6.1.1 by @fontawesome - https:\/\/fontawesome.com License - https:\/\/fontawesome.com\/license (Commercial License) Copyright 2022 Fonticons, Inc. --><path d=\"M77.25 256l137.4-137.4c12.5-12.5 12.5-32.75 0-45.25s-32.75-12.5-45.25 0l-160 160c-12.5 12.5-12.5 32.75 0 45.25l160 160C175.6 444.9 183.8 448 192 448s16.38-3.125 22.62-9.375c12.5-12.5 12.5-32.75 0-45.25L77.25 256zM269.3 256l137.4-137.4c12.5-12.5 12.5-32.75 0-45.25s-32.75-12.5-45.25 0l-160 160c-12.5 12.5-12.5 32.75 0 45.25l160 160C367.6 444.9 375.8 448 384 448s16.38-3.125 22.62-9.375c12.5-12.5 12.5-32.75 0-45.25L269.3 256z\"\/><\/svg><\/div>',\r\n                nextArrow: '<div class=\"slick-next slick-button\"><svg xmlns=\"http:\/\/www.w3.org\/2000\/svg\" viewBox=\"0 0 448 512\"><!--! Font Awesome Pro 6.1.1 by @fontawesome - https:\/\/fontawesome.com License - https:\/\/fontawesome.com\/license (Commercial License) Copyright 2022 Fonticons, Inc. --><path fill=\"ff0000\" style=\"height: 22px\" d=\"M246.6 233.4l-160-160c-12.5-12.5-32.75-12.5-45.25 0s-12.5 32.75 0 45.25L178.8 256l-137.4 137.4c-12.5 12.5-12.5 32.75 0 45.25C47.63 444.9 55.81 448 64 448s16.38-3.125 22.62-9.375l160-160C259.1 266.1 259.1 245.9 246.6 233.4zM438.6 233.4l-160-160c-12.5-12.5-32.75-12.5-45.25 0s-12.5 32.75 0 45.25L370.8 256l-137.4 137.4c-12.5 12.5-12.5 32.75 0 45.25C239.6 444.9 247.8 448 256 448s16.38-3.125 22.62-9.375l160-160C451.1 266.1 451.1 245.9 438.6 233.4z\"\/><\/svg><\/div>',\r\n            });\r\n        });\r\n    });\r\n<\/script>\r\n\r\n<div id=\"block_7547a4202b9f46e656d1b4f6cfb540e9\" class=\"bild-video-text-slider block-header-bild-video-text-slider\">\r\n                        <div>\r\n                <div class=\"bild-video-text-slider--slide\">\r\n                                            <div class=\"img-vid-box\">\r\n                            <div class=\"img-sizer\">\r\n                                <img decoding=\"async\" width=\"1243\" height=\"800\" src=\"https:\/\/www.efaflex.be\/wp-content\/uploads\/sites\/6\/2022\/07\/studenten-absolventen-berufsausbildung-karriere-header-efaflex-1243x800.jpg\" class=\"attachment-image-big size-image-big\" alt=\"\" \/>                            <\/div>\r\n                        <\/div>\r\n                        <div class=\"video-text\">\r\n                            <h1>Commence ta formation chez <span class=\"highlighted\">le leader mondial dans le secteur des portes rapides industrielles.<\/span><\/h1>\n<h1><\/h1>\n                        <\/div>\r\n                                    <\/div>\r\n\r\n            <\/div>\r\n            <\/div>\n\n\r\n\r\n<div id=\"breadcrump-block_44d2bc0e5e5f371359e5258e0f8fc302\" class=\"inner\">\r\n        <nav class=\"breadcrumb\"><a href=\"https:\/\/www.efaflex.be\/fr\/\">Page d&#8217;accueil<\/a> \/ <span class=\"current-page\">Page<\/span><\/nav>    <\/div>\n\n\n<div style=\"height:100px\" aria-hidden=\"true\" class=\"wp-block-spacer\"><\/div>\n\n\n\r\n\r\n<div id=\"textmodul-3-spalten-block_0d01e5afb124bfcc597d198c2b60189a\" class=\"textmodul-3-spalten\">\r\n    <div class=\"inner\">\r\n        <div class=\"custom-flex-box\">\r\n                            <h2 class=\"flex-box-thirty break headline-two false\">D\u00e9marrage r\u00e9ussi de la vie professionnelle chez EFAFLEX.<\/h2>\r\n                        <div class=\"flex-box-thirty\"><p>Les jeunes gens curieux, toujours pr\u00eats \u00e0 apprendre et souhaitant s\u2019engager pour leur avenir trouveront chez EFAFLEX de nombreuses opportunit\u00e9s passionnantes. Les \u00e9tudiants salari\u00e9s font chez nous leurs premi\u00e8res exp\u00e9riences, tandis que les dipl\u00f4m\u00e9s y trouvent leur premier emploi.<\/p>\n<p>Nous offrons diverses possibilit\u00e9s de formation et vous aidons \u00e9galement \u00e0 d\u00e9marrer la vie professionnelle.<\/p>\n<\/div>\r\n            <div class=\"flex-box-thirty\"><\/div>\r\n        <\/div>\r\n    <\/div>\r\n<\/div>\r\n\n\n\n<div style=\"height:100px\" aria-hidden=\"true\" class=\"wp-block-spacer\"><\/div>\n\n\n\r\n\r\n\r\n<div class=\"dreispaltig-bild-text-aufzaehlung\">\r\n    <div class=\"inner\">\r\n        <h2>Tes opportunit\u00e9s de d\u00e9veloppement.<\/h2>\r\n        <div class=\"custom-flex-box\">\r\n                            \r\n                    <div class=\"flex-box-thirty single-block\">\r\n                        <div class=\"bild-box\">\r\n                                                                                        <img decoding=\"async\" src=\"https:\/\/www.efaflex.be\/wp-content\/uploads\/sites\/6\/2022\/07\/werkstudent-entwicklungsmoeglichkeiten-karriere-efaflex.png\" alt=\"\" \/>\r\n                                                    <\/div>\r\n                        <h3 class=\"medium-h2\">Nous proposons aux \u00e9tudiants salari\u00e9s :<\/h3>\r\n\r\n                                                    <ul>\r\n                                                                                                            <li>La d\u00e9couverte de diff\u00e9rents services<\/li>\r\n                                                                            <li>Le soutien de l\u2019\u00e9quipe dans le travail au quotidien<\/li>\r\n                                                                            <li>La participation aux \u00e9v\u00e9nements de l\u2019\u00e9quipe<\/li>\r\n                                                                                                <\/ul>\r\n\r\n                        \r\n\r\n                    <\/div>\r\n\r\n                \r\n                    <div class=\"flex-box-thirty single-block\">\r\n                        <div class=\"bild-box\">\r\n                                                                                        <img decoding=\"async\" src=\"https:\/\/www.efaflex.be\/wp-content\/uploads\/sites\/6\/2022\/07\/absolvent-entwicklungsmoeglichkeiten-karriere-efaflex-1.png\" alt=\"\" \/>\r\n                                                    <\/div>\r\n                        <h3 class=\"medium-h2\">Les dipl\u00f4m\u00e9s appr\u00e9cient chez EFAFLEX :<\/h3>\r\n\r\n                                                    <ul>\r\n                                                                                                            <li>Les domaines de comp\u00e9tences passionnants pour les jeunes professionnels<\/li>\r\n                                                                            <li>L\u2019\u00e9volution &amp; les opportunit\u00e9s de carri\u00e8re<\/li>\r\n                                                                                                <\/ul>\r\n\r\n                        \r\n\r\n                    <\/div>\r\n\r\n                                    <\/div>\r\n    <\/div>\r\n<\/div>\n\n\n<div style=\"height:100px\" aria-hidden=\"true\" class=\"wp-block-spacer\"><\/div>\n\n\n\r\n<div id=\"benefits-modul-block_efc00e326a5d099be059b9fd6e21dad2\" class=\"benefits-modul inner\">\r\n    <h2>En r\u00e9sum\u00e9 :<\/h2>\r\n            <div class=\"custom-flex-box\">\r\n                            <div class=\"flex-box-fifty benefits-modul--benefit\">\r\n                    <img decoding=\"async\" width=\"49\" height=\"49\" src=\"https:\/\/www.efaflex.be\/wp-content\/themes\/efaflex\/assets\/img\/benefits-check.svg\" alt=\"Benefits Check Icon\">\r\n                    <div>\r\n                        De bonnes chances d\u2019\u00eatre embauch\u00e9(e)                                            <\/div>\r\n                <\/div>\r\n                            <div class=\"flex-box-fifty benefits-modul--benefit\">\r\n                    <img decoding=\"async\" width=\"49\" height=\"49\" src=\"https:\/\/www.efaflex.be\/wp-content\/themes\/efaflex\/assets\/img\/benefits-check.svg\" alt=\"Benefits Check Icon\">\r\n                    <div>\r\n                        Une formation intensive                                            <\/div>\r\n                <\/div>\r\n                            <div class=\"flex-box-fifty benefits-modul--benefit\">\r\n                    <img decoding=\"async\" width=\"49\" height=\"49\" src=\"https:\/\/www.efaflex.be\/wp-content\/themes\/efaflex\/assets\/img\/benefits-check.svg\" alt=\"Benefits Check Icon\">\r\n                    <div>\r\n                        Des opportunit\u00e9s de perfectionnement professionnel                                            <\/div>\r\n                <\/div>\r\n                            <div class=\"flex-box-fifty benefits-modul--benefit\">\r\n                    <img decoding=\"async\" width=\"49\" height=\"49\" src=\"https:\/\/www.efaflex.be\/wp-content\/themes\/efaflex\/assets\/img\/benefits-check.svg\" alt=\"Benefits Check Icon\">\r\n                    <div>\r\n                        La participation aux \u00e9v\u00e9nements de l\u2019\u00e9quipe                                            <\/div>\r\n                <\/div>\r\n                    <\/div>\r\n        <div class=\"benefits-modul--links\">\r\n                                    <\/div>\r\n<\/div>\n\n\n<div style=\"height:200px\" aria-hidden=\"true\" class=\"wp-block-spacer\"><\/div>\n\n\n\r\n<div id=\"headline-zweizeilig-block_11d9937d248dcdcc84aae0c93f7419c4\" class=\"headline-zweizeilig headline-zweizeilig-zentriert inner smalltext\">\r\n    <p>Nous avons \u00e9veill\u00e9 votre int\u00e9r\u00eat ? N\u2019attendez plus pour d\u00e9poser votre candidature chez\u00a0<span class=\"highlighted\">EFAFLEX:<\/span><\/p>\n            <\/div>\r\n\n\n\n<div style=\"height:100px\" aria-hidden=\"true\" class=\"wp-block-spacer\"><\/div>\n\n\n\r\n\r\n<div id=\"bild-text-modul-rechts-zweizeilig-block_e9123847736b313e03e9fe5f6ba9730a\" class=\"bild-text-modul-zweizeilig-container\">\r\n            \r\n\r\n\r\n            \r\n                                    \r\n\r\n                            <div class=\"bild-text-modul-links-zweizeilig bild-text-modul-zweizeilig\">\r\n                                <div class=\"custom-flex-box-no-margin\">\r\n\r\n                                    <div class=\"flex-box-fifty-no-margin bild-container\">\r\n                                                                                                                                                                                                                                                                                                                                                            <\/div>\r\n\r\n                                    <div class=\"flex-box-fifty-no-margin text-container\">\r\n                                        <div class=\"text-container-flex\">\r\n                                            <div class=\"text-inner\">\r\n                                                                                                                                                            <div class=\"text-left-border\">\r\n                                                            <div class=\"text-cut\">\r\n                                                                \r\n                                                                                                                                    <h3 class=\"headline-two medium-h2\">Votre interlocutrice.<\/h3>                                                                \r\n<!--                                                                <h2 class=\"medium-h2\">--><!--<\/h2>-->\r\n                                                                <p class=\"normal-font\">Nom: Guido Van Passen<br \/>\r\nT\u00e9l.: + 32 3 45 11 93<br \/>\r\nE-mail: info@efaflexbvba.be<\/p>\r\n                                                            <\/div>\r\n                                                            <div class=\"button-box\">\r\n                                                                                                                                                                                            <\/div>\r\n                                                        <\/div>\r\n                                                                                                                                                <\/div>\r\n                                        <\/div>\r\n                                    <\/div>\r\n                                <\/div>\r\n                            <\/div>\r\n\r\n                                    \r\n            \r\n\r\n        \r\n\r\n\r\n    <\/div>\n\n\n<div style=\"height:100px\" aria-hidden=\"true\" class=\"wp-block-spacer\"><\/div>\n","protected":false},"excerpt":{"rendered":"","protected":false},"author":4,"featured_media":0,"parent":12507,"menu_order":9,"comment_status":"closed","ping_status":"closed","template":"","meta":{"_acf_changed":false,"footnotes":""},"class_list":["post-12395","page","type-page","status-publish","hentry"],"acf":[],"_links":{"self":[{"href":"https:\/\/www.efaflex.be\/fr\/wp-json\/wp\/v2\/pages\/12395","targetHints":{"allow":["GET"]}}],"collection":[{"href":"https:\/\/www.efaflex.be\/fr\/wp-json\/wp\/v2\/pages"}],"about":[{"href":"https:\/\/www.efaflex.be\/fr\/wp-json\/wp\/v2\/types\/page"}],"author":[{"embeddable":true,"href":"https:\/\/www.efaflex.be\/fr\/wp-json\/wp\/v2\/users\/4"}],"replies":[{"embeddable":true,"href":"https:\/\/www.efaflex.be\/fr\/wp-json\/wp\/v2\/comments?post=12395"}],"version-history":[{"count":6,"href":"https:\/\/www.efaflex.be\/fr\/wp-json\/wp\/v2\/pages\/12395\/revisions"}],"predecessor-version":[{"id":18656,"href":"https:\/\/www.efaflex.be\/fr\/wp-json\/wp\/v2\/pages\/12395\/revisions\/18656"}],"up":[{"embeddable":true,"href":"https:\/\/www.efaflex.be\/fr\/wp-json\/wp\/v2\/pages\/12507"}],"wp:attachment":[{"href":"https:\/\/www.efaflex.be\/fr\/wp-json\/wp\/v2\/media?parent=12395"}],"curies":[{"name":"wp","href":"https:\/\/api.w.org\/{rel}","templated":true}]}}