{"id":12386,"date":"2022-05-10T11:39:27","date_gmt":"2022-05-10T09:39:27","guid":{"rendered":"https:\/\/www.efaflex.be\/media-library\/"},"modified":"2025-11-11T11:17:18","modified_gmt":"2025-11-11T10:17:18","slug":"mediatheque","status":"publish","type":"page","link":"https:\/\/www.efaflex.be\/fr\/mediatheque\/","title":{"rendered":"M\u00e9diath\u00e8que"},"content":{"rendered":"\n<div style=\"height:60px\" aria-hidden=\"true\" class=\"wp-block-spacer\"><\/div>\n\n\n\r\n\r\n<div id=\"breadcrump-block_393e67ec46b1b26b53787bc888339bee\" class=\"inner\">\r\n        <nav class=\"breadcrumb\"><a href=\"https:\/\/www.efaflex.be\/fr\/\">Page d&#8217;accueil<\/a> \/ <span class=\"current-page\">Page<\/span><\/nav>    <\/div>\n\n\n<div style=\"height:120px\" aria-hidden=\"true\" class=\"wp-block-spacer\"><\/div>\n\n\n\r\n\r\n<div id=\"textmodul-3-spalten-block_e52e06f0adcf4a9b88c7bd425ba38079\" class=\"textmodul-3-spalten\">\r\n    <div class=\"inner\">\r\n        <div class=\"custom-flex-box\">\r\n                            <h1 class=\"flex-box-thirty break headline-two\">Faites-vous votre propre opinion.<\/h1>                        <div class=\"flex-box-thirty\"><p>Dans notre m\u00e9diath\u00e8que, vous trouverez des films sur nos diff\u00e9rents syst\u00e8mes de porte en fonctionnement, les \u00e9conomies d\u2019\u00e9nergie avec les portes rapides EFAFLEX et sur nos syst\u00e8mes p\u00e9riph\u00e9riques pour la surveillance en amont.<\/p>\n<\/div>\r\n            <div class=\"flex-box-thirty\"><\/div>\r\n        <\/div>\r\n    <\/div>\r\n<\/div>\r\n\n\n\n<div style=\"height:130px\" aria-hidden=\"true\" class=\"wp-block-spacer\"><\/div>\n\n\n\r\n\r\n<div class=\"inner\">\r\n    <div class=\"custom-flex-box\" style=\"justify-content: center\">\r\n                    \r\n                <div class=\"single-mediathek-block flex-box-twentyfive\">\r\n                                                    <div class=\"image-content\">\r\n                                                                                                                                    <img decoding=\"async\" width=\"382\" height=\"254\" src=\"https:\/\/www.efaflex.be\/wp-content\/uploads\/sites\/6\/2022\/07\/serie-s-schnelllauf-spiraltore-produkte-header-efaflex-382x254.jpg\" class=\"attachment-slider-produktvergleich-thumbnail size-slider-produktvergleich-thumbnail\" alt=\"\" srcset=\"https:\/\/www.efaflex.be\/wp-content\/uploads\/sites\/6\/2022\/07\/serie-s-schnelllauf-spiraltore-produkte-header-efaflex-382x254.jpg 382w, https:\/\/www.efaflex.be\/wp-content\/uploads\/sites\/6\/2022\/07\/serie-s-schnelllauf-spiraltore-produkte-header-efaflex-1083x720.jpg 1083w\" sizes=\"(max-width: 382px) 100vw, 382px\" \/>                                                            <\/div>\r\n                        \r\n                    <div class=\"text-content small-padding\">\r\n                        <h2 class=\"medium-h2\">S\u00e9rie S<\/h2>\r\n                        <p><\/p>\r\n                                                                            <a href=\"https:\/\/www.efaflex.be\/mediatheek\/s-series\/\" class=\"load-more-button\">En savoir plus<\/a>\r\n                                            <\/div>\r\n                <\/div>\r\n\r\n            \r\n                <div class=\"single-mediathek-block flex-box-twentyfive\">\r\n                                                    <div class=\"image-content\">\r\n                                                                                                                                    <img decoding=\"async\" width=\"382\" height=\"254\" src=\"https:\/\/www.efaflex.be\/wp-content\/uploads\/sites\/6\/2022\/06\/serie-r-schnelllauf-rolltore-efa-srt-value-header-efaflex-382x254.jpg\" class=\"attachment-slider-produktvergleich-thumbnail size-slider-produktvergleich-thumbnail\" alt=\"\" srcset=\"https:\/\/www.efaflex.be\/wp-content\/uploads\/sites\/6\/2022\/06\/serie-r-schnelllauf-rolltore-efa-srt-value-header-efaflex-382x254.jpg 382w, https:\/\/www.efaflex.be\/wp-content\/uploads\/sites\/6\/2022\/06\/serie-r-schnelllauf-rolltore-efa-srt-value-header-efaflex-1083x720.jpg 1083w\" sizes=\"(max-width: 382px) 100vw, 382px\" \/>                                                            <\/div>\r\n                        \r\n                    <div class=\"text-content small-padding\">\r\n                        <h2 class=\"medium-h2\">S\u00e9rie R<\/h2>\r\n                        <p><\/p>\r\n                                                                            <a href=\"https:\/\/www.efaflex.be\/mediatheek\/r-series\/\" class=\"load-more-button\">En savoir plus<\/a>\r\n                                            <\/div>\r\n                <\/div>\r\n\r\n            \r\n                <div class=\"single-mediathek-block flex-box-twentyfive\">\r\n                                                    <div class=\"image-content\">\r\n                                                                                                                                    <img decoding=\"async\" width=\"382\" height=\"254\" src=\"https:\/\/www.efaflex.be\/wp-content\/uploads\/sites\/6\/2022\/07\/serie-ex-explosionsschutztore-schnelllauf-spiraltore-vorschau-produkte-efaflex-382x254.jpg\" class=\"attachment-slider-produktvergleich-thumbnail size-slider-produktvergleich-thumbnail\" alt=\"\" \/>                                                            <\/div>\r\n                        \r\n                    <div class=\"text-content small-padding\">\r\n                        <h2 class=\"medium-h2\">S\u00e9rie EX<\/h2>\r\n                        <p><\/p>\r\n                                                                            <a href=\"https:\/\/www.efaflex.be\/mediatheek\/ex-series\/\" class=\"load-more-button\">En savoir plus<\/a>\r\n                                            <\/div>\r\n                <\/div>\r\n\r\n            \r\n                <div class=\"single-mediathek-block flex-box-twentyfive\">\r\n                                                    <div class=\"image-content\">\r\n                                                                                                                                    <img decoding=\"async\" width=\"382\" height=\"254\" src=\"https:\/\/www.efaflex.be\/wp-content\/uploads\/sites\/6\/2022\/07\/titelbild-serie-ms-maschinenschutztore-382x254.jpg\" class=\"attachment-slider-produktvergleich-thumbnail size-slider-produktvergleich-thumbnail\" alt=\"\" srcset=\"https:\/\/www.efaflex.be\/wp-content\/uploads\/sites\/6\/2022\/07\/titelbild-serie-ms-maschinenschutztore-382x254.jpg 382w, https:\/\/www.efaflex.be\/wp-content\/uploads\/sites\/6\/2022\/07\/titelbild-serie-ms-maschinenschutztore-1083x720.jpg 1083w\" sizes=\"(max-width: 382px) 100vw, 382px\" \/>                                                            <\/div>\r\n                        \r\n                    <div class=\"text-content small-padding\">\r\n                        <h2 class=\"medium-h2\">S\u00e9rie MS<\/h2>\r\n                        <p><\/p>\r\n                                                                            <a href=\"https:\/\/www.efaflex.be\/mediatheek\/ms-series\/\" class=\"load-more-button\">En savoir plus<\/a>\r\n                                            <\/div>\r\n                <\/div>\r\n\r\n            \r\n                <div class=\"single-mediathek-block flex-box-twentyfive\">\r\n                                                    <div class=\"image-content\">\r\n                                                                                                                                    <img decoding=\"async\" width=\"382\" height=\"254\" src=\"https:\/\/www.efaflex.be\/wp-content\/uploads\/sites\/6\/2022\/07\/serie-efaprotect-sicherheitstore-produkte-vorschau-efaflex-382x254.jpg\" class=\"attachment-slider-produktvergleich-thumbnail size-slider-produktvergleich-thumbnail\" alt=\"\" srcset=\"https:\/\/www.efaflex.be\/wp-content\/uploads\/sites\/6\/2022\/07\/serie-efaprotect-sicherheitstore-produkte-vorschau-efaflex-382x254.jpg 382w, https:\/\/www.efaflex.be\/wp-content\/uploads\/sites\/6\/2022\/07\/serie-efaprotect-sicherheitstore-produkte-vorschau-efaflex-1083x720.jpg 1083w\" sizes=\"(max-width: 382px) 100vw, 382px\" \/>                                                            <\/div>\r\n                        \r\n                    <div class=\"text-content small-padding\">\r\n                        <h2 class=\"medium-h2\">S\u00e9rie EFAPROTECT<\/h2>\r\n                        <p><\/p>\r\n                                                                            <a href=\"https:\/\/www.efaflex.be\/mediatheek\/efaprotect-series\/\" class=\"load-more-button\">En savoir plus<\/a>\r\n                                            <\/div>\r\n                <\/div>\r\n\r\n            \r\n                <div class=\"single-mediathek-block flex-box-twentyfive\">\r\n                                                    <div class=\"image-content\">\r\n                                                                                                                                    <img decoding=\"async\" width=\"382\" height=\"254\" src=\"https:\/\/www.efaflex.be\/wp-content\/uploads\/sites\/6\/2022\/06\/serie-cr-rolltor-efa-srt-cr-premium-seitenansicht-efaflex-382x254.jpg\" class=\"attachment-slider-produktvergleich-thumbnail size-slider-produktvergleich-thumbnail\" alt=\"\" srcset=\"https:\/\/www.efaflex.be\/wp-content\/uploads\/sites\/6\/2022\/06\/serie-cr-rolltor-efa-srt-cr-premium-seitenansicht-efaflex-382x254.jpg 382w, https:\/\/www.efaflex.be\/wp-content\/uploads\/sites\/6\/2022\/06\/serie-cr-rolltor-efa-srt-cr-premium-seitenansicht-efaflex-300x200.jpg 300w, https:\/\/www.efaflex.be\/wp-content\/uploads\/sites\/6\/2022\/06\/serie-cr-rolltor-efa-srt-cr-premium-seitenansicht-efaflex-1024x683.jpg 1024w, https:\/\/www.efaflex.be\/wp-content\/uploads\/sites\/6\/2022\/06\/serie-cr-rolltor-efa-srt-cr-premium-seitenansicht-efaflex-768x512.jpg 768w, https:\/\/www.efaflex.be\/wp-content\/uploads\/sites\/6\/2022\/06\/serie-cr-rolltor-efa-srt-cr-premium-seitenansicht-efaflex-1536x1024.jpg 1536w, https:\/\/www.efaflex.be\/wp-content\/uploads\/sites\/6\/2022\/06\/serie-cr-rolltor-efa-srt-cr-premium-seitenansicht-efaflex-1083x720.jpg 1083w, https:\/\/www.efaflex.be\/wp-content\/uploads\/sites\/6\/2022\/06\/serie-cr-rolltor-efa-srt-cr-premium-seitenansicht-efaflex.jpg 1920w\" sizes=\"(max-width: 382px) 100vw, 382px\" \/>                                                            <\/div>\r\n                        \r\n                    <div class=\"text-content small-padding\">\r\n                        <h2 class=\"medium-h2\">S\u00e9rie CR<\/h2>\r\n                        <p><\/p>\r\n                                                                            <a href=\"https:\/\/www.efaflex.be\/mediatheek\/cr-series\/\" class=\"load-more-button\">En savoir plus<\/a>\r\n                                            <\/div>\r\n                <\/div>\r\n\r\n            \r\n                <div class=\"single-mediathek-block flex-box-twentyfive\">\r\n                                                    <div class=\"image-content\">\r\n                                                                                                                                    <img decoding=\"async\" width=\"382\" height=\"254\" src=\"https:\/\/www.efaflex.be\/wp-content\/uploads\/sites\/6\/2022\/07\/titelbild-serie-mtl-schnelllauftore-material-transport-logistik-382x254.jpg\" class=\"attachment-slider-produktvergleich-thumbnail size-slider-produktvergleich-thumbnail\" alt=\"\" srcset=\"https:\/\/www.efaflex.be\/wp-content\/uploads\/sites\/6\/2022\/07\/titelbild-serie-mtl-schnelllauftore-material-transport-logistik-382x254.jpg 382w, https:\/\/www.efaflex.be\/wp-content\/uploads\/sites\/6\/2022\/07\/titelbild-serie-mtl-schnelllauftore-material-transport-logistik-300x200.jpg 300w, https:\/\/www.efaflex.be\/wp-content\/uploads\/sites\/6\/2022\/07\/titelbild-serie-mtl-schnelllauftore-material-transport-logistik-1024x683.jpg 1024w, https:\/\/www.efaflex.be\/wp-content\/uploads\/sites\/6\/2022\/07\/titelbild-serie-mtl-schnelllauftore-material-transport-logistik-768x512.jpg 768w, https:\/\/www.efaflex.be\/wp-content\/uploads\/sites\/6\/2022\/07\/titelbild-serie-mtl-schnelllauftore-material-transport-logistik-1536x1024.jpg 1536w, https:\/\/www.efaflex.be\/wp-content\/uploads\/sites\/6\/2022\/07\/titelbild-serie-mtl-schnelllauftore-material-transport-logistik-1083x720.jpg 1083w, https:\/\/www.efaflex.be\/wp-content\/uploads\/sites\/6\/2022\/07\/titelbild-serie-mtl-schnelllauftore-material-transport-logistik.jpg 1920w\" sizes=\"(max-width: 382px) 100vw, 382px\" \/>                                                            <\/div>\r\n                        \r\n                    <div class=\"text-content small-padding\">\r\n                        <h2 class=\"medium-h2\">S\u00e9rie MTL<\/h2>\r\n                        <p><\/p>\r\n                                                                            <a href=\"https:\/\/www.efaflex.be\/mediatheek\/mtl-series\/\" class=\"load-more-button\">En savoir plus<\/a>\r\n                                            <\/div>\r\n                <\/div>\r\n\r\n            \r\n                <div class=\"single-mediathek-block flex-box-twentyfive\">\r\n                                                    <div class=\"image-content\">\r\n                                                                                                                                    <img decoding=\"async\" width=\"382\" height=\"254\" src=\"https:\/\/www.efaflex.be\/wp-content\/uploads\/sites\/6\/2022\/06\/serie-f-falttore-efa-sft-offen-rohrwerke-efaflex-382x254.jpg\" class=\"attachment-slider-produktvergleich-thumbnail size-slider-produktvergleich-thumbnail\" alt=\"\" srcset=\"https:\/\/www.efaflex.be\/wp-content\/uploads\/sites\/6\/2022\/06\/serie-f-falttore-efa-sft-offen-rohrwerke-efaflex-382x254.jpg 382w, https:\/\/www.efaflex.be\/wp-content\/uploads\/sites\/6\/2022\/06\/serie-f-falttore-efa-sft-offen-rohrwerke-efaflex-1083x720.jpg 1083w\" sizes=\"(max-width: 382px) 100vw, 382px\" \/>                                                            <\/div>\r\n                        \r\n                    <div class=\"text-content small-padding\">\r\n                        <h2 class=\"medium-h2\">S\u00e9rie F<\/h2>\r\n                        <p><\/p>\r\n                                                                            <a href=\"https:\/\/www.efaflex.be\/mediatheek\/f-series\/\" class=\"load-more-button\">En savoir plus<\/a>\r\n                                            <\/div>\r\n                <\/div>\r\n\r\n                        <\/div>\r\n<\/div>\n\n\n<div style=\"height:200px\" aria-hidden=\"true\" class=\"wp-block-spacer\"><\/div>\n\n\n<div class=\"inner\">\r\n    <div id=\"bild-text-modul-1-3-block_035fd40c3dbecdd761a9b6be8fd4dd83\" class=\"themen-container custom-flex-box\">\r\n                                    <div class=\"thema-box flex-box-thirty\">\r\n                                            <div class=\"bild-box\">\r\n                                                                                                                    <img decoding=\"async\" width=\"1246\" height=\"966\" src=\"https:\/\/www.efaflex.be\/wp-content\/uploads\/sites\/6\/2025\/11\/schnelllauftore-produkte-industrietore-efaflex.jpg\" class=\"attachment-thementease-thumbnail size-thementease-thumbnail\" alt=\"\" srcset=\"https:\/\/www.efaflex.be\/wp-content\/uploads\/sites\/6\/2025\/11\/schnelllauftore-produkte-industrietore-efaflex.jpg 1246w, https:\/\/www.efaflex.be\/wp-content\/uploads\/sites\/6\/2025\/11\/schnelllauftore-produkte-industrietore-efaflex-300x233.jpg 300w, https:\/\/www.efaflex.be\/wp-content\/uploads\/sites\/6\/2025\/11\/schnelllauftore-produkte-industrietore-efaflex-768x595.jpg 768w, https:\/\/www.efaflex.be\/wp-content\/uploads\/sites\/6\/2025\/11\/schnelllauftore-produkte-industrietore-efaflex-1024x794.jpg 1024w\" sizes=\"(max-width: 1246px) 100vw, 1246px\" \/>                                                    <\/div>\r\n                                            \r\n                                                                <h2 class=\"headline-two\">\r\n                                                        Produits                        <\/h2>\r\n                    \r\n                        <p class=\"normal-font\">Nos portes haut de gamme sont rapides et efficaces, s\u00fbres et fiables. Gr\u00e2ce \u00e0 notre d\u00e9partement recherche et d\u00e9veloppement, nous sommes en mesure de trouver la solution parfaite pour r\u00e9pondre aux besoins des clients et de la concr\u00e9tiser.<\/p>\r\n                                                                                                                                                                                                        <a href=\"https:\/\/www.efaflex.be\/fr\/produits\/\" class=\"load-more-button\">En savoir plus<\/a>\r\n                                                                                                                                    <\/div>\r\n                            <div class=\"thema-box flex-box-thirty\">\r\n                                            <div class=\"bild-box\">\r\n                                                                                                                    <img decoding=\"async\" width=\"1920\" height=\"1275\" src=\"https:\/\/www.efaflex.be\/wp-content\/uploads\/sites\/6\/2022\/07\/downloadbereich-efaflex-1.jpg\" class=\"attachment-thementease-thumbnail size-thementease-thumbnail\" alt=\"\" srcset=\"https:\/\/www.efaflex.be\/wp-content\/uploads\/sites\/6\/2022\/07\/downloadbereich-efaflex-1.jpg 1920w, https:\/\/www.efaflex.be\/wp-content\/uploads\/sites\/6\/2022\/07\/downloadbereich-efaflex-1-300x199.jpg 300w, https:\/\/www.efaflex.be\/wp-content\/uploads\/sites\/6\/2022\/07\/downloadbereich-efaflex-1-1024x680.jpg 1024w, https:\/\/www.efaflex.be\/wp-content\/uploads\/sites\/6\/2022\/07\/downloadbereich-efaflex-1-768x510.jpg 768w, https:\/\/www.efaflex.be\/wp-content\/uploads\/sites\/6\/2022\/07\/downloadbereich-efaflex-1-1536x1020.jpg 1536w, https:\/\/www.efaflex.be\/wp-content\/uploads\/sites\/6\/2022\/07\/downloadbereich-efaflex-1-1083x720.jpg 1083w, https:\/\/www.efaflex.be\/wp-content\/uploads\/sites\/6\/2022\/07\/downloadbereich-efaflex-1-382x254.jpg 382w\" sizes=\"(max-width: 1920px) 100vw, 1920px\" \/>                                                    <\/div>\r\n                                            \r\n                                                                <h2 class=\"headline-two\">\r\n                                                        Espace de t\u00e9l\u00e9chargement                        <\/h2>\r\n                    \r\n                        <p class=\"normal-font\">Vous pouvez t\u00e9l\u00e9charger les informations sur les produits et les textes d\u2019appels d\u2019offres sous forme de fichier PDF de mani\u00e8re simple et pratique.<\/p>\r\n                                                                                                                                                                                                        <a href=\"https:\/\/www.efaflex.be\/fr\/download-area\/\" class=\"load-more-button\">En savoir plus<\/a>\r\n                                                                                                                                    <\/div>\r\n                            <div class=\"thema-box flex-box-thirty\">\r\n                                            <div class=\"bild-box\">\r\n                                                                                                                    <img decoding=\"async\" width=\"923\" height=\"556\" src=\"https:\/\/www.efaflex.be\/wp-content\/uploads\/sites\/6\/2022\/07\/Digitales_Tor_Tablet_A3-1.jpg\" class=\"attachment-thementease-thumbnail size-thementease-thumbnail\" alt=\"\" srcset=\"https:\/\/www.efaflex.be\/wp-content\/uploads\/sites\/6\/2022\/07\/Digitales_Tor_Tablet_A3-1.jpg 923w, https:\/\/www.efaflex.be\/wp-content\/uploads\/sites\/6\/2022\/07\/Digitales_Tor_Tablet_A3-1-300x181.jpg 300w, https:\/\/www.efaflex.be\/wp-content\/uploads\/sites\/6\/2022\/07\/Digitales_Tor_Tablet_A3-1-768x463.jpg 768w\" sizes=\"(max-width: 923px) 100vw, 923px\" \/>                                                    <\/div>\r\n                                            \r\n                                                                <h2 class=\"headline-two\">\r\n                                                        Contact                        <\/h2>\r\n                    \r\n                        <p class=\"normal-font\">Vous pouvez joindre nos collaboratrices et collaborateurs EFAFLEX sp\u00e9cialis\u00e9s via notre assistance t\u00e9l\u00e9phonique permanente en langue allemande, par e-mail et, bien s\u00fbr, par l\u2019interm\u00e9diaire de votre interlocuteur personnel sur place.<\/p>\r\n                                                                                                                                                                                                        <a href=\"https:\/\/www.efaflex.be\/fr\/contact\/\" class=\"load-more-button\">En savoir plus<\/a>\r\n                                                                                                                                    <\/div>\r\n                        <\/div>\r\n<\/div>\r\n\n\n\n<div style=\"height:200px\" aria-hidden=\"true\" class=\"wp-block-spacer\"><\/div>\n","protected":false},"excerpt":{"rendered":"","protected":false},"author":4,"featured_media":0,"parent":0,"menu_order":48,"comment_status":"closed","ping_status":"closed","template":"","meta":{"_acf_changed":false,"footnotes":""},"class_list":["post-12386","page","type-page","status-publish","hentry"],"acf":[],"_links":{"self":[{"href":"https:\/\/www.efaflex.be\/fr\/wp-json\/wp\/v2\/pages\/12386","targetHints":{"allow":["GET"]}}],"collection":[{"href":"https:\/\/www.efaflex.be\/fr\/wp-json\/wp\/v2\/pages"}],"about":[{"href":"https:\/\/www.efaflex.be\/fr\/wp-json\/wp\/v2\/types\/page"}],"author":[{"embeddable":true,"href":"https:\/\/www.efaflex.be\/fr\/wp-json\/wp\/v2\/users\/4"}],"replies":[{"embeddable":true,"href":"https:\/\/www.efaflex.be\/fr\/wp-json\/wp\/v2\/comments?post=12386"}],"version-history":[{"count":14,"href":"https:\/\/www.efaflex.be\/fr\/wp-json\/wp\/v2\/pages\/12386\/revisions"}],"predecessor-version":[{"id":19779,"href":"https:\/\/www.efaflex.be\/fr\/wp-json\/wp\/v2\/pages\/12386\/revisions\/19779"}],"wp:attachment":[{"href":"https:\/\/www.efaflex.be\/fr\/wp-json\/wp\/v2\/media?parent=12386"}],"curies":[{"name":"wp","href":"https:\/\/api.w.org\/{rel}","templated":true}]}}