{"id":12333,"date":"2022-06-21T16:15:14","date_gmt":"2022-06-21T14:15:14","guid":{"rendered":"https:\/\/www.efaflex.be\/r-series-2\/"},"modified":"2025-09-15T10:11:17","modified_gmt":"2025-09-15T08:11:17","slug":"serie-r","status":"publish","type":"page","link":"https:\/\/www.efaflex.be\/fr\/portes-rapides\/portes-a-enroulement\/serie-r\/","title":{"rendered":"S\u00e9rie R"},"content":{"rendered":"\r\n<script type=\"application\/javascript\">\r\n    window.addEventListener('DOMContentLoaded', function() {\r\n        jQuery(document).ready(function($){\r\n            var sliderid = \"block_db982671fd93df52448ed10d6f88d49e\";\r\n            $('#'+sliderid).slick({\r\n                infinite: true,\r\n                dots: false,\r\n                lazyLoad: 'ondemand',\r\n                autoplay: false,\r\n                arrows: true,\r\n                fade: true,\r\n                speed: 500,\r\n                pauseOnHover: false,\r\n                prevArrow: '<div class=\"slick-prev slick-button\"><svg xmlns=\"http:\/\/www.w3.org\/2000\/svg\" viewBox=\"0 0 448 512\"><!--! Font Awesome Pro 6.1.1 by @fontawesome - https:\/\/fontawesome.com License - https:\/\/fontawesome.com\/license (Commercial License) Copyright 2022 Fonticons, Inc. --><path d=\"M77.25 256l137.4-137.4c12.5-12.5 12.5-32.75 0-45.25s-32.75-12.5-45.25 0l-160 160c-12.5 12.5-12.5 32.75 0 45.25l160 160C175.6 444.9 183.8 448 192 448s16.38-3.125 22.62-9.375c12.5-12.5 12.5-32.75 0-45.25L77.25 256zM269.3 256l137.4-137.4c12.5-12.5 12.5-32.75 0-45.25s-32.75-12.5-45.25 0l-160 160c-12.5 12.5-12.5 32.75 0 45.25l160 160C367.6 444.9 375.8 448 384 448s16.38-3.125 22.62-9.375c12.5-12.5 12.5-32.75 0-45.25L269.3 256z\"\/><\/svg><\/div>',\r\n                nextArrow: '<div class=\"slick-next slick-button\"><svg xmlns=\"http:\/\/www.w3.org\/2000\/svg\" viewBox=\"0 0 448 512\"><!--! Font Awesome Pro 6.1.1 by @fontawesome - https:\/\/fontawesome.com License - https:\/\/fontawesome.com\/license (Commercial License) Copyright 2022 Fonticons, Inc. --><path fill=\"ff0000\" style=\"height: 22px\" d=\"M246.6 233.4l-160-160c-12.5-12.5-32.75-12.5-45.25 0s-12.5 32.75 0 45.25L178.8 256l-137.4 137.4c-12.5 12.5-12.5 32.75 0 45.25C47.63 444.9 55.81 448 64 448s16.38-3.125 22.62-9.375l160-160C259.1 266.1 259.1 245.9 246.6 233.4zM438.6 233.4l-160-160c-12.5-12.5-32.75-12.5-45.25 0s-12.5 32.75 0 45.25L370.8 256l-137.4 137.4c-12.5 12.5-12.5 32.75 0 45.25C239.6 444.9 247.8 448 256 448s16.38-3.125 22.62-9.375l160-160C451.1 266.1 451.1 245.9 438.6 233.4z\"\/><\/svg><\/div>',\r\n            });\r\n        });\r\n    });\r\n<\/script>\r\n\r\n<div id=\"block_db982671fd93df52448ed10d6f88d49e\" class=\"bild-video-text-slider block-header-bild-video-text-slider\">\r\n                        <div>\r\n                <div class=\"bild-video-text-slider--slide\">\r\n                                            <div class=\"img-vid-box\">\r\n                            <div class=\"img-sizer\">\r\n                                <img decoding=\"async\" width=\"1246\" height=\"800\" src=\"https:\/\/www.efaflex.be\/wp-content\/uploads\/sites\/6\/2022\/07\/schnelllauf-rolltore-produkte-header-efaflex-1246x800.jpg\" class=\"attachment-image-big size-image-big\" alt=\"\" \/>                            <\/div>\r\n                        <\/div>\r\n                        <div class=\"video-text\">\r\n                            <h1>Toujours en bonne <span class=\"highlighted\">forme.<\/span><\/h1>\n                        <\/div>\r\n                                    <\/div>\r\n\r\n            <\/div>\r\n            <\/div>\n\n\r\n\r\n<div id=\"breadcrump-block_e8a028bca1f00d84c5fbe64a10fa5b53\" class=\"inner\">\r\n        <nav class=\"breadcrumb\"><a href=\"https:\/\/www.efaflex.be\/fr\/\">Page d&#8217;accueil<\/a> \/ <span class=\"current-page\">Page<\/span><\/nav>    <\/div>\n\n\n<div style=\"height:100px\" aria-hidden=\"true\" class=\"wp-block-spacer\"><\/div>\n\n\n\r\n\r\n<div id=\"textmodul-3-spalten-block_93014f316e87fac63e0b44b60748fcc0\" class=\"textmodul-3-spalten\">\r\n    <div class=\"inner\">\r\n        <div class=\"custom-flex-box\">\r\n                            <h2 class=\"flex-box-thirty break headline-two false\">S\u00e9rie R. <\/h2>\r\n                        <div class=\"flex-box-thirty\"><p>Les portes rapides \u00e0 enroulement de la s\u00e9rie R d\u2019EFAFLEX sont des syst\u00e8mes de porte particuli\u00e8rement \u00e9conomiques pour l\u2019int\u00e9rieur qui se distinguent par leurs vitesses d\u2019ouverture et de fermeture extr\u00eamement \u00e9lev\u00e9es. Nos portes \u00e0 enroulement r\u00e9duire les courants d&#8217;air et le bruit, maintiennent les zones de temp\u00e9rature constantes, n\u2019exigent presqu\u2019aucun entretien et sont disponibles en diff\u00e9rents mod\u00e8les personnalisables. De surcro\u00eet, tous les portes \u00e0 enroulement de la s\u00e9rie R d\u2019EFAFLEX dispose d\u2019une structure peu encombrantes situ\u00e9e au-dessus de l\u2019ouverture de la porte.<\/p>\n<\/div>\r\n            <div class=\"flex-box-thirty\"><\/div>\r\n        <\/div>\r\n    <\/div>\r\n<\/div>\r\n\n\n\n<div style=\"height:100px\" aria-hidden=\"true\" class=\"wp-block-spacer\"><\/div>\n\n\n\r\n<div class=\"inner\">\r\n        <div class=\"custom-flex-box\">\r\n        \r\n        \r\n        \r\n                            \r\n                \r\n                                    \r\n                        <a href=\"https:\/\/www.efaflex.be\/fr\/portes-rapides\/portes-a-enroulement\/serie-r\/efa-srt-premium\/\" class=\"single-kategorie-block flex-box-twentyfive\"  style=\"background-image: url(' https:\/\/www.efaflex.be\/wp-content\/uploads\/sites\/6\/2022\/06\/serie-r-schnelllauf-rolltore-premium-efa-srt-vorschau-efaflex.jpg')\">\r\n                            <div class=\"text-content\">\r\n                                <span>EFA-SRT\u00ae <\/span>\r\n                                                                    <h2 class=\"medium-h2\">Porte rapide \u00e0 enroulement EFA-SRT\u00ae Premium<\/h2>\r\n                                \r\n                                <div class=\"load-more-button\">En savoir plus<\/div>\r\n\r\n                            <\/div>\r\n                            <div class=\"gradient-background\"><\/div>                        <\/a>\r\n\r\n                    \r\n                        <a href=\"https:\/\/www.efaflex.be\/fr\/portes-rapides\/portes-a-enroulement\/serie-r\/efa-srt-eco\/\" class=\"single-kategorie-block flex-box-twentyfive\"  style=\"background-image: url(' https:\/\/www.efaflex.be\/wp-content\/uploads\/sites\/6\/2022\/06\/serie-r-schnelllauf-rolltore-efa-srt-eco-vorschau-efaflex.jpg')\">\r\n                            <div class=\"text-content\">\r\n                                <span>EFA-SRT\u00ae ECO <\/span>\r\n                                                                    <h2 class=\"medium-h2\">Porte rapide \u00e0 enroulement EFA-SRT\u00ae ECO<\/h2>\r\n                                \r\n                                <div class=\"load-more-button\">En savoir plus<\/div>\r\n\r\n                            <\/div>\r\n                            <div class=\"gradient-background\"><\/div>                        <\/a>\r\n\r\n                    \r\n                        <a href=\"https:\/\/www.efaflex.be\/fr\/portes-rapides\/portes-a-enroulement\/serie-r\/efa-srt-soft-touch\/\" class=\"single-kategorie-block flex-box-twentyfive\"  style=\"background-image: url(' https:\/\/www.efaflex.be\/wp-content\/uploads\/sites\/6\/2022\/06\/serie-r-schnelllauf-rolltore-efa-srt-soft-touch-vorschau-efaflex.jpg')\">\r\n                            <div class=\"text-content\">\r\n                                <span>EFA-SRT\u00ae Soft Touch<\/span>\r\n                                                                    <h2 class=\"medium-h2\">Porte rapide \u00e0 enroulement\u00a0EFA-SRT\u00ae Soft Touch<\/h2>\r\n                                \r\n                                <div class=\"load-more-button\">En savoir plus<\/div>\r\n\r\n                            <\/div>\r\n                            <div class=\"gradient-background\"><\/div>                        <\/a>\r\n\r\n                    \r\n                        <a href=\"https:\/\/www.efaflex.be\/fr\/portes-rapides\/portes-a-enroulement\/serie-r\/efa-srt-ec\/\" class=\"single-kategorie-block flex-box-twentyfive\"  style=\"background-image: url(' https:\/\/www.efaflex.be\/wp-content\/uploads\/sites\/6\/2022\/06\/serie-r-schnelllauf-rolltore-efa-srt-ec-vorschau-efaflex-1.jpg')\">\r\n                            <div class=\"text-content\">\r\n                                <span>EFA-SRT\u00ae EC <\/span>\r\n                                                                    <h2 class=\"medium-h2\">Porte rapide \u00e0 enroulement EFA-SRT\u00ae EC<\/h2>\r\n                                \r\n                                <div class=\"load-more-button\">En savoir plus<\/div>\r\n\r\n                            <\/div>\r\n                            <div class=\"gradient-background\"><\/div>                        <\/a>\r\n\r\n                    \r\n                        <a href=\"https:\/\/www.efaflex.be\/fr\/portes-rapides\/portes-a-enroulement\/serie-r\/efa-srt-easyfit\/\" class=\"single-kategorie-block flex-box-twentyfive\"  style=\"background-image: url(' https:\/\/www.efaflex.be\/wp-content\/uploads\/sites\/6\/2023\/12\/efaflex-efa-srt-easyfit-1.jpg')\">\r\n                            <div class=\"text-content\">\r\n                                <span>EFA-SRT\u00ae EasyFit<\/span>\r\n                                                                    <h2 class=\"medium-h2\">Porte rapide \u00e0 enroulement EFA-SRT\u00ae EasyFit<\/h2>\r\n                                \r\n                                <div class=\"load-more-button\">En savoir plus<\/div>\r\n\r\n                            <\/div>\r\n                            <div class=\"gradient-background\"><\/div>                        <\/a>\r\n\r\n                                                        \r\n                        <\/div>\r\n    <\/div>\r\n\r\n\n\n\n<div style=\"height:100px\" aria-hidden=\"true\" class=\"wp-block-spacer\"><\/div>\n\n\n\r\n\r\n<div id=\"bild-text-modul-rechts-zweizeilig-block_712ab1a83a370a8dc29f76de00982553\" class=\"bild-text-modul-zweizeilig-container\">\r\n            \r\n\r\n\r\n            \r\n                                    \r\n                            <div class=\"bild-text-modul-rechts-zweizeilig bild-text-modul-zweizeilig\">\r\n                                <div class=\"custom-flex-box-no-margin\">\r\n                                    <div class=\"flex-box-fifty-no-margin text-container\">\r\n                                        <div class=\"text-container-flex\">\r\n                                            <div class=\"text-inner\">\r\n\r\n                                                                                                                                                            <div class=\"text-left-border\">\r\n                                                            <div class=\"text-cut\">\r\n                                                                                                                                    <span>R\u00e9f\u00e9rences<\/span>\r\n                                                                \r\n                                                                                                                                    <h3 class=\"headline-two medium-h2\">Nos portes convainquent nos clients \u2013 dans le monde entier.<\/h3>                                                                \r\n<!--                                                                <h2 class=\"medium-h2\">--><!--<\/h2>-->\r\n                                                                <p class=\"normal-font full-text\">EFAFLEX est une marque reconnue dans le monde entier non seulement dans le domaine des portes rapides. Les entreprises leaders aux niveaux national et international de tous les secteurs font confiance \u00e0 nos produits.<\/p>\r\n                                                            <\/div>\r\n                                                            <div class=\"button-box\">\r\n                                                                                                                                                                                                    <a href=\"https:\/\/www.efaflex.be\/fr\/portes-rapides\/references\/\" target=\"\" class=\"load-more-button\">\r\n                                                                        En savoir plus                                                                    <\/a>\r\n                                                                                                                            <\/div>\r\n                                                        <\/div>\r\n                                                                                                    \r\n                                            <\/div>\r\n                                        <\/div>\r\n                                    <\/div>\r\n                                    <div class=\"flex-box-fifty-no-margin bild-container\">\r\n                                                                                                                                                                                                                                                                                        <img decoding=\"async\" width=\"960\" height=\"720\" src=\"https:\/\/www.efaflex.be\/wp-content\/uploads\/sites\/6\/2023\/07\/referenzen-schnelllauftor-grau-efaflex-teaser.jpg\" class=\"attachment-full size-full\" alt=\"\" srcset=\"https:\/\/www.efaflex.be\/wp-content\/uploads\/sites\/6\/2023\/07\/referenzen-schnelllauftor-grau-efaflex-teaser.jpg 960w, https:\/\/www.efaflex.be\/wp-content\/uploads\/sites\/6\/2023\/07\/referenzen-schnelllauftor-grau-efaflex-teaser-300x225.jpg 300w, https:\/\/www.efaflex.be\/wp-content\/uploads\/sites\/6\/2023\/07\/referenzen-schnelllauftor-grau-efaflex-teaser-768x576.jpg 768w\" sizes=\"(max-width: 960px) 100vw, 960px\" \/>                                                                                                                                                                        <\/div>\r\n                                <\/div>\r\n                            <\/div>\r\n                                    \r\n            \r\n\r\n        \r\n\r\n\r\n    <\/div>\n\n\n<div style=\"height:100px\" aria-hidden=\"true\" class=\"wp-block-spacer\"><\/div>\n\n\n<div class=\"inner\">\r\n    <div id=\"bild-text-modul-1-3-block_5241e5b4e38e7c09b607029dfb7dd0e9\" class=\"themen-container custom-flex-box\">\r\n                                    <div class=\"thema-box flex-box-thirty\">\r\n                                            <div class=\"bild-box\">\r\n                                                                                                                    <img decoding=\"async\" width=\"517\" height=\"306\" src=\"https:\/\/www.efaflex.be\/wp-content\/uploads\/sites\/6\/2022\/07\/ausschreibungstexte-service-klein-efaflex.jpg\" class=\"attachment-thementease-thumbnail size-thementease-thumbnail\" alt=\"\" srcset=\"https:\/\/www.efaflex.be\/wp-content\/uploads\/sites\/6\/2022\/07\/ausschreibungstexte-service-klein-efaflex.jpg 517w, https:\/\/www.efaflex.be\/wp-content\/uploads\/sites\/6\/2022\/07\/ausschreibungstexte-service-klein-efaflex-300x178.jpg 300w\" sizes=\"(max-width: 517px) 100vw, 517px\" \/>                                                    <\/div>\r\n                                            \r\n                                                                <h2 class=\"headline-two\">\r\n                                                        Textes d\u2019appels d\u2019offres                        <\/h2>\r\n                    \r\n                        <p class=\"normal-font\">Nous mettons des textes d\u2019appels d\u2019offres d\u00e9taill\u00e9s de nos produits \u00e0 la disposition des architectes et planificateurs. Il ne vous reste qu\u2019\u00e0 indiquer la hauteur et la largeur de passage, la couleur et la disposition du moteur.<\/p>\r\n                                                                                                                                                                                                        <a href=\"https:\/\/www.efaflex.be\/fr\/service\/textes-dappels-doffres\/\" class=\"load-more-button\">En savoir plus<\/a>\r\n                                                                                                                                    <\/div>\r\n                            <div class=\"thema-box flex-box-thirty\">\r\n                                            <div class=\"bild-box\">\r\n                                                                                                                    <img decoding=\"async\" width=\"517\" height=\"306\" src=\"https:\/\/www.efaflex.be\/wp-content\/uploads\/sites\/6\/2023\/07\/referenzen-schnelllauftor-grau-efaflex-quicklink.jpg\" class=\"attachment-thementease-thumbnail size-thementease-thumbnail\" alt=\"\" srcset=\"https:\/\/www.efaflex.be\/wp-content\/uploads\/sites\/6\/2023\/07\/referenzen-schnelllauftor-grau-efaflex-quicklink.jpg 517w, https:\/\/www.efaflex.be\/wp-content\/uploads\/sites\/6\/2023\/07\/referenzen-schnelllauftor-grau-efaflex-quicklink-300x178.jpg 300w\" sizes=\"(max-width: 517px) 100vw, 517px\" \/>                                                    <\/div>\r\n                                            \r\n                                                                <h2 class=\"headline-two\">\r\n                                                        R\u00e9f\u00e9rences                        <\/h2>\r\n                    \r\n                        <p class=\"normal-font\">EFAFLEX est une marque reconnue dans le monde entier non seulement dans le domaine des portes rapides. Les entreprises leaders aux niveaux national et international de tous les secteurs font confiance \u00e0 nos produits.<\/p>\r\n                                                                                                                                                                                                        <a href=\"https:\/\/www.efaflex.be\/fr\/portes-rapides\/references\/\" class=\"load-more-button\">En savoir plus<\/a>\r\n                                                                                                                                    <\/div>\r\n                            <div class=\"thema-box flex-box-thirty\">\r\n                                            <div class=\"bild-box\">\r\n                                                                                                                    <img decoding=\"async\" width=\"517\" height=\"306\" src=\"https:\/\/www.efaflex.be\/wp-content\/uploads\/sites\/6\/2022\/07\/Digitales_Tor_Tablet_A3-5-1.jpg\" class=\"attachment-thementease-thumbnail size-thementease-thumbnail\" alt=\"\" srcset=\"https:\/\/www.efaflex.be\/wp-content\/uploads\/sites\/6\/2022\/07\/Digitales_Tor_Tablet_A3-5-1.jpg 517w, https:\/\/www.efaflex.be\/wp-content\/uploads\/sites\/6\/2022\/07\/Digitales_Tor_Tablet_A3-5-1-300x178.jpg 300w\" sizes=\"(max-width: 517px) 100vw, 517px\" \/>                                                    <\/div>\r\n                                            \r\n                                                                <h2 class=\"headline-two\">\r\n                                                        Contact                        <\/h2>\r\n                    \r\n                        <p class=\"normal-font\">Vous pouvez joindre nos collaboratrices et collaborateurs EFAFLEX sp\u00e9cialis\u00e9s via notre assistance t\u00e9l\u00e9phonique permanente en langue allemande, par e-mail et, bien s\u00fbr, par l\u2019interm\u00e9diaire de votre interlocuteur personnel sur place.<\/p>\r\n                                                                                                                                                                                                        <a href=\"https:\/\/www.efaflex.be\/contact\/\" class=\"load-more-button\">En savoir plus<\/a>\r\n                                                                                                                                    <\/div>\r\n                        <\/div>\r\n<\/div>\r\n\n\n\n<div style=\"height:100px\" aria-hidden=\"true\" class=\"wp-block-spacer\"><\/div>\n","protected":false},"excerpt":{"rendered":"","protected":false},"author":4,"featured_media":0,"parent":12502,"menu_order":0,"comment_status":"closed","ping_status":"closed","template":"","meta":{"_acf_changed":false,"footnotes":""},"class_list":["post-12333","page","type-page","status-publish","hentry"],"acf":[],"_links":{"self":[{"href":"https:\/\/www.efaflex.be\/fr\/wp-json\/wp\/v2\/pages\/12333","targetHints":{"allow":["GET"]}}],"collection":[{"href":"https:\/\/www.efaflex.be\/fr\/wp-json\/wp\/v2\/pages"}],"about":[{"href":"https:\/\/www.efaflex.be\/fr\/wp-json\/wp\/v2\/types\/page"}],"author":[{"embeddable":true,"href":"https:\/\/www.efaflex.be\/fr\/wp-json\/wp\/v2\/users\/4"}],"replies":[{"embeddable":true,"href":"https:\/\/www.efaflex.be\/fr\/wp-json\/wp\/v2\/comments?post=12333"}],"version-history":[{"count":5,"href":"https:\/\/www.efaflex.be\/fr\/wp-json\/wp\/v2\/pages\/12333\/revisions"}],"predecessor-version":[{"id":18064,"href":"https:\/\/www.efaflex.be\/fr\/wp-json\/wp\/v2\/pages\/12333\/revisions\/18064"}],"up":[{"embeddable":true,"href":"https:\/\/www.efaflex.be\/fr\/wp-json\/wp\/v2\/pages\/12502"}],"wp:attachment":[{"href":"https:\/\/www.efaflex.be\/fr\/wp-json\/wp\/v2\/media?parent=12333"}],"curies":[{"name":"wp","href":"https:\/\/api.w.org\/{rel}","templated":true}]}}