{"id":12271,"date":"2022-06-23T14:25:46","date_gmt":"2022-06-23T12:25:46","guid":{"rendered":"https:\/\/www.efaflex.be\/car-parks\/"},"modified":"2025-07-28T14:12:58","modified_gmt":"2025-07-28T12:12:58","slug":"parkings","status":"publish","type":"page","link":"https:\/\/www.efaflex.be\/fr\/portes-industrielles\/solutions-par-secteur\/parkings\/","title":{"rendered":"Parkings"},"content":{"rendered":"\r\n<script type=\"application\/javascript\">\r\n    window.addEventListener('DOMContentLoaded', function() {\r\n        jQuery(document).ready(function($){\r\n            var sliderid = \"block_1736d8ac5bff6f7146b6d7da52029fe1\";\r\n            $('#'+sliderid).slick({\r\n                infinite: true,\r\n                dots: false,\r\n                lazyLoad: 'ondemand',\r\n                autoplay: false,\r\n                arrows: true,\r\n                fade: true,\r\n                speed: 500,\r\n                pauseOnHover: false,\r\n                prevArrow: '<div class=\"slick-prev slick-button\"><svg xmlns=\"http:\/\/www.w3.org\/2000\/svg\" viewBox=\"0 0 448 512\"><!--! Font Awesome Pro 6.1.1 by @fontawesome - https:\/\/fontawesome.com License - https:\/\/fontawesome.com\/license (Commercial License) Copyright 2022 Fonticons, Inc. --><path d=\"M77.25 256l137.4-137.4c12.5-12.5 12.5-32.75 0-45.25s-32.75-12.5-45.25 0l-160 160c-12.5 12.5-12.5 32.75 0 45.25l160 160C175.6 444.9 183.8 448 192 448s16.38-3.125 22.62-9.375c12.5-12.5 12.5-32.75 0-45.25L77.25 256zM269.3 256l137.4-137.4c12.5-12.5 12.5-32.75 0-45.25s-32.75-12.5-45.25 0l-160 160c-12.5 12.5-12.5 32.75 0 45.25l160 160C367.6 444.9 375.8 448 384 448s16.38-3.125 22.62-9.375c12.5-12.5 12.5-32.75 0-45.25L269.3 256z\"\/><\/svg><\/div>',\r\n                nextArrow: '<div class=\"slick-next slick-button\"><svg xmlns=\"http:\/\/www.w3.org\/2000\/svg\" viewBox=\"0 0 448 512\"><!--! Font Awesome Pro 6.1.1 by @fontawesome - https:\/\/fontawesome.com License - https:\/\/fontawesome.com\/license (Commercial License) Copyright 2022 Fonticons, Inc. --><path fill=\"ff0000\" style=\"height: 22px\" d=\"M246.6 233.4l-160-160c-12.5-12.5-32.75-12.5-45.25 0s-12.5 32.75 0 45.25L178.8 256l-137.4 137.4c-12.5 12.5-12.5 32.75 0 45.25C47.63 444.9 55.81 448 64 448s16.38-3.125 22.62-9.375l160-160C259.1 266.1 259.1 245.9 246.6 233.4zM438.6 233.4l-160-160c-12.5-12.5-32.75-12.5-45.25 0s-12.5 32.75 0 45.25L370.8 256l-137.4 137.4c-12.5 12.5-12.5 32.75 0 45.25C239.6 444.9 247.8 448 256 448s16.38-3.125 22.62-9.375l160-160C451.1 266.1 451.1 245.9 438.6 233.4z\"\/><\/svg><\/div>',\r\n            });\r\n        });\r\n    });\r\n<\/script>\r\n\r\n<div id=\"block_1736d8ac5bff6f7146b6d7da52029fe1\" class=\"bild-video-text-slider block-header-bild-video-text-slider\">\r\n                        <div>\r\n                <div class=\"bild-video-text-slider--slide\">\r\n                                            <div class=\"img-vid-box\">\r\n                            <div class=\"img-sizer\">\r\n                                <img decoding=\"async\" width=\"1920\" height=\"800\" src=\"https:\/\/www.efaflex.be\/wp-content\/uploads\/sites\/6\/2022\/07\/parkgaragen-branche-industrietore-stadt-efaflex-1-1920x800.jpg\" class=\"attachment-image-big size-image-big\" alt=\"\" \/>                            <\/div>\r\n                        <\/div>\r\n                        <div class=\"video-text\">\r\n                            <h1 class=\"flex-box-thirty break headline-two false\">Des solutions de porte pour <span class=\"highlighted\">les parkings et parkings souterrains.<\/span><\/h1>\n                        <\/div>\r\n                                    <\/div>\r\n\r\n            <\/div>\r\n            <\/div>\n\n\r\n\r\n<div id=\"breadcrump-block_f57fe1d0116bfd0acb3a3802a7a2f01b\" class=\"inner\">\r\n        <nav class=\"breadcrumb\"><a href=\"https:\/\/www.efaflex.be\/fr\/\">Page d&#8217;accueil<\/a> \/ <span class=\"current-page\">Page<\/span><\/nav>    <\/div>\n\n\n<div style=\"height:100px\" aria-hidden=\"true\" class=\"wp-block-spacer\"><\/div>\n\n\n\r\n\r\n<div id=\"textmodul-3-spalten-block_e0cf6c02050bb1c0ac6251598f547f95\" class=\"textmodul-3-spalten\">\r\n    <div class=\"inner\">\r\n        <div class=\"custom-flex-box\">\r\n                            <h2 class=\"flex-box-thirty break headline-two\">Protection s\u00fbre des biens immobiliers et vitesses de fermeture \u00e9lev\u00e9es.<\/h2>                        <div class=\"flex-box-thirty\"><p>Les parkings et parkings souterrains peuvent constituer une zone de transition sensible dans la fermeture des b\u00e2timents. Des vitesses de fermeture \u00e9lev\u00e9es, une structure anti-effraction ainsi qu\u2019une dur\u00e9e de vie con\u00e7ue pour beaucoup de cycles en alternance quotidiens sont les exigences minimales envers une porte de parking fiable. Les portes rapides pour les syst\u00e8mes de parking d\u2019EFAFLEX emp\u00eachent l\u2019acc\u00e8s de personnes non autoris\u00e9es, s\u2019ouvrent et se<\/p>\n<\/div>\r\n            <div class=\"flex-box-thirty\"><p>ferment en quelques secondes et s\u00e9duisent par leur r\u00e9sistance et leur stabilit\u00e9. En outre, les portes de parking d\u2019EFAFLEX poss\u00e8dent toute une s\u00e9rie d\u2019\u00e9quipements sp\u00e9cifiques optionnels tels qu\u2019un tablier isol\u00e9 et thermo-isolant et des portes pour pi\u00e9tons visuellement assorties \u00e0 installer \u00e0 c\u00f4t\u00e9 de la porte elle-m\u00eame. En outre, gr\u00e2ce \u00e0 leur structure peu encombrante, elles peuvent \u00e9galement \u00eatre install\u00e9es dans des espaces restreints.<\/p>\n<\/div>\r\n        <\/div>\r\n    <\/div>\r\n<\/div>\r\n\n\n\n<div style=\"height:100px\" aria-hidden=\"true\" class=\"wp-block-spacer\"><\/div>\n\n\n\r\n<div class=\"bild-fullsize-container\">\r\n            <div class=\"inner\">\r\n                                                                            <img decoding=\"async\" width=\"1920\" height=\"1358\" src=\"https:\/\/www.efaflex.be\/wp-content\/uploads\/sites\/6\/2025\/02\/250121-efx-1-schaubilder-parking-en.jpg\" class=\"attachment-1536\u00d71536 size-1536\u00d71536\" alt=\"\" srcset=\"https:\/\/www.efaflex.be\/wp-content\/uploads\/sites\/6\/2025\/02\/250121-efx-1-schaubilder-parking-en.jpg 1920w, https:\/\/www.efaflex.be\/wp-content\/uploads\/sites\/6\/2025\/02\/250121-efx-1-schaubilder-parking-en-300x212.jpg 300w, https:\/\/www.efaflex.be\/wp-content\/uploads\/sites\/6\/2025\/02\/250121-efx-1-schaubilder-parking-en-768x543.jpg 768w, https:\/\/www.efaflex.be\/wp-content\/uploads\/sites\/6\/2025\/02\/250121-efx-1-schaubilder-parking-en-1024x724.jpg 1024w, https:\/\/www.efaflex.be\/wp-content\/uploads\/sites\/6\/2025\/02\/250121-efx-1-schaubilder-parking-en-1536x1086.jpg 1536w\" sizes=\"(max-width: 1920px) 100vw, 1920px\" \/>                    <\/div>\r\n    <\/div>\r\n\n\n\n<div style=\"height:100px\" aria-hidden=\"true\" class=\"wp-block-spacer\"><\/div>\n\n\n\r\n\r\n<script type=\"application\/javascript\">\r\n    window.addEventListener('DOMContentLoaded', function() {\r\n        jQuery(document).ready(function($){\r\n            $('.slider-produktvergleich').slick({\r\n                infinite: true,\r\n                dots: false,\r\n                lazyLoad: 'ondemand',\r\n                arrows: false,\r\n                fade: true,\r\n                speed: 500,\r\n                pauseOnHover: true,\r\n                asNavFor: '.slider-produktvergleich-nav',\r\n            });\r\n\r\n            $('.slider-produktvergleich-nav').slick({\r\n                infinite: true,\r\n                dots: false,\r\n                lazyLoad: 'ondemand',\r\n                arrows: true,\r\n                fade: false,\r\n                speed: 500,\r\n                pauseOnHover: true,\r\n                asNavFor: '.slider-produktvergleich',\r\n                focusOnSelect: true,\r\n                slidesToShow: 4,\r\n                slidesToScroll: 1,\r\n                swipeToSlide: true,\r\n                prevArrow: '<div class=\"slick-prev slick-button\"><svg xmlns=\"http:\/\/www.w3.org\/2000\/svg\" viewBox=\"0 0 448 512\"><!--! Font Awesome Pro 6.1.1 by @fontawesome - https:\/\/fontawesome.com License - https:\/\/fontawesome.com\/license (Commercial License) Copyright 2022 Fonticons, Inc. --><path d=\"M77.25 256l137.4-137.4c12.5-12.5 12.5-32.75 0-45.25s-32.75-12.5-45.25 0l-160 160c-12.5 12.5-12.5 32.75 0 45.25l160 160C175.6 444.9 183.8 448 192 448s16.38-3.125 22.62-9.375c12.5-12.5 12.5-32.75 0-45.25L77.25 256zM269.3 256l137.4-137.4c12.5-12.5 12.5-32.75 0-45.25s-32.75-12.5-45.25 0l-160 160c-12.5 12.5-12.5 32.75 0 45.25l160 160C367.6 444.9 375.8 448 384 448s16.38-3.125 22.62-9.375c12.5-12.5 12.5-32.75 0-45.25L269.3 256z\"\/><\/svg><\/div>',\r\n                nextArrow: '<div class=\"slick-next slick-button\"><svg xmlns=\"http:\/\/www.w3.org\/2000\/svg\" viewBox=\"0 0 448 512\"><!--! Font Awesome Pro 6.1.1 by @fontawesome - https:\/\/fontawesome.com License - https:\/\/fontawesome.com\/license (Commercial License) Copyright 2022 Fonticons, Inc. --><path fill=\"ff0000\" style=\"height: 22px\" d=\"M246.6 233.4l-160-160c-12.5-12.5-32.75-12.5-45.25 0s-12.5 32.75 0 45.25L178.8 256l-137.4 137.4c-12.5 12.5-12.5 32.75 0 45.25C47.63 444.9 55.81 448 64 448s16.38-3.125 22.62-9.375l160-160C259.1 266.1 259.1 245.9 246.6 233.4zM438.6 233.4l-160-160c-12.5-12.5-32.75-12.5-45.25 0s-12.5 32.75 0 45.25L370.8 256l-137.4 137.4c-12.5 12.5-12.5 32.75 0 45.25C239.6 444.9 247.8 448 256 448s16.38-3.125 22.62-9.375l160-160C451.1 266.1 451.1 245.9 438.6 233.4z\"\/><\/svg><\/div>',\r\n                responsive: [\r\n                    {\r\n                        breakpoint: 768,\r\n                        settings: {\r\n                            slidesToShow: 3,\r\n                        }\r\n                    },\r\n                    {\r\n                        breakpoint: 480,\r\n                        settings: {\r\n                            slidesToShow: 2,\r\n                        }\r\n                    }\r\n                ]\r\n            });\r\n        });\r\n    });\r\n<\/script>\r\n\r\n<div class=\"inner slider-produktvergleich-container\">\r\n    <div class=\"slider-produktvergleich-container--flex\">\r\n        <div id=\"slider-produktvergleich-block_a14cda3c0e4948d59fe3e0c7929065dc\" class=\"slider-produktvergleich\">\r\n                                                <div class=\"single-slide\">\r\n                        <div class=\"single-slide-img-area\">\r\n                                                                                                                    <img decoding=\"async\" width=\"1083\" height=\"720\" src=\"https:\/\/www.efaflex.be\/wp-content\/uploads\/sites\/6\/2022\/07\/parkgaragen-branche-industrietore-tiefgarage-efaflex-1083x720.jpg\" class=\"attachment-slider-produktvergleich-full size-slider-produktvergleich-full\" alt=\"\" srcset=\"https:\/\/www.efaflex.be\/wp-content\/uploads\/sites\/6\/2022\/07\/parkgaragen-branche-industrietore-tiefgarage-efaflex-1083x720.jpg 1083w, https:\/\/www.efaflex.be\/wp-content\/uploads\/sites\/6\/2022\/07\/parkgaragen-branche-industrietore-tiefgarage-efaflex-300x200.jpg 300w, https:\/\/www.efaflex.be\/wp-content\/uploads\/sites\/6\/2022\/07\/parkgaragen-branche-industrietore-tiefgarage-efaflex-768x512.jpg 768w, https:\/\/www.efaflex.be\/wp-content\/uploads\/sites\/6\/2022\/07\/parkgaragen-branche-industrietore-tiefgarage-efaflex-382x254.jpg 382w\" sizes=\"(max-width: 1083px) 100vw, 1083px\" \/>                                                    <\/div>\r\n                    <\/div>\r\n                                    <div class=\"single-slide\">\r\n                        <div class=\"single-slide-img-area\">\r\n                                                                                                                    <img decoding=\"async\" width=\"1083\" height=\"720\" src=\"https:\/\/www.efaflex.be\/wp-content\/uploads\/sites\/6\/2022\/07\/parkgaragen-branche-industrietore-parkhaus-efaflex-1083x720.jpg\" class=\"attachment-slider-produktvergleich-full size-slider-produktvergleich-full\" alt=\"\" srcset=\"https:\/\/www.efaflex.be\/wp-content\/uploads\/sites\/6\/2022\/07\/parkgaragen-branche-industrietore-parkhaus-efaflex-1083x720.jpg 1083w, https:\/\/www.efaflex.be\/wp-content\/uploads\/sites\/6\/2022\/07\/parkgaragen-branche-industrietore-parkhaus-efaflex-382x254.jpg 382w\" sizes=\"(max-width: 1083px) 100vw, 1083px\" \/>                                                    <\/div>\r\n                    <\/div>\r\n                                    <\/div>\r\n\r\n        <div class=\"single-slide-text-area\">\r\n            <h2>Points importants:<\/h2>\n<ul>\n<li>Longue dur\u00e9e de vie avec jusqu\u2019\u00e0 250\u00a0000\u00a0cycles de travail par an.<\/li>\n<li>Structure anti-effraction.<\/li>\n<li>Tabliers isol\u00e9s en option pour l\u2019isolation thermique.<\/li>\n<li>Lames de porte adaptables \u00e0 la couleur de la fa\u00e7ade.<\/li>\n<li>Large gamme d\u2019\u00e9metteurs d\u2019impulsions.<\/li>\n<li>Brefs d\u00e9lais de r\u00e9action de service.<\/li>\n<\/ul>\n        <\/div>\r\n    <\/div>\r\n\r\n    <div class=\"slider-produktvergleich-nav\">\r\n                                    <div class=\"single-nav-slide\">\r\n                                                            <div class=\"img-box\" style=\"background-image: url('https:\/\/www.efaflex.be\/wp-content\/uploads\/sites\/6\/2022\/07\/parkgaragen-branche-industrietore-tiefgarage-efaflex-382x254.jpg')\"><\/div>\r\n                <\/div>\r\n                            <div class=\"single-nav-slide\">\r\n                                                            <div class=\"img-box\" style=\"background-image: url('https:\/\/www.efaflex.be\/wp-content\/uploads\/sites\/6\/2022\/07\/parkgaragen-branche-industrietore-parkhaus-efaflex-382x254.jpg')\"><\/div>\r\n                <\/div>\r\n                        <\/div>\r\n<\/div>\n\n\n<div style=\"height:100px\" aria-hidden=\"true\" class=\"wp-block-spacer\"><\/div>\n\n\n\r\n<div class=\"inner\">\r\n            <h2>Portes rapides pour les parkings.<\/h2>\r\n        <div class=\"custom-flex-box\">\r\n        \r\n        \r\n        \r\n                            \r\n                \r\n                                    \r\n                        <a href=\"https:\/\/www.efaflex.be\/fr\/portes-rapides\/portes-a-spirale\/serie-s\/efa-sst-efficient-rc-2\/\" class=\"single-kategorie-block flex-box-twentyfive\"  style=\"background-image: url(' https:\/\/www.efaflex.be\/wp-content\/uploads\/sites\/6\/2022\/06\/serie-s-spiraltor-vorderansicht-efa-sst-efficient-vorschau-efaflex.jpg')\">\r\n                            <div class=\"text-content\">\r\n                                <span>EFA-SST\u00ae Efficient<\/span>\r\n                                                                    <h3 class=\"medium-h2\">Porte rapide \u00e0 spirale \u00a0EFA-SST\u00ae Efficient (RC 2)<\/h3>\r\n                                \r\n                                <div class=\"load-more-button\">En savoir plus<\/div>\r\n\r\n                            <\/div>\r\n                            <div class=\"gradient-background\"><\/div>                        <\/a>\r\n\r\n                    \r\n                        <a href=\"https:\/\/www.efaflex.be\/fr\/portes-rapides\/portes-a-spirale\/serie-s\/efa-sst-ps\/\" class=\"single-kategorie-block flex-box-twentyfive\"  style=\"background-image: url(' https:\/\/www.efaflex.be\/wp-content\/uploads\/sites\/6\/2022\/06\/serie-s-spiraltor-parksysteme-aussenansicht-fenster-efa-sst-ps-vorschau-efaflex-1.jpg')\">\r\n                            <div class=\"text-content\">\r\n                                <span>EFA-SST\u00ae PS<\/span>\r\n                                                                    <h3 class=\"medium-h2\">Syst\u00e8mes de parking \u00e0 porte rapide \u00e0 spirale EFA-SST\u00ae PS<\/h3>\r\n                                \r\n                                <div class=\"load-more-button\">En savoir plus<\/div>\r\n\r\n                            <\/div>\r\n                            <div class=\"gradient-background\"><\/div>                        <\/a>\r\n\r\n                    \r\n                        <a href=\"https:\/\/www.efaflex.be\/fr\/portes-rapides\/portes-a-spirale\/nouvelle-generation\/efa-sst-therm\/\" class=\"single-kategorie-block flex-box-twentyfive\"  style=\"background-image: url(' https:\/\/www.efaflex.be\/wp-content\/uploads\/sites\/6\/2024\/06\/Efaflex_0097_edit-min.jpg')\">\r\n                            <div class=\"text-content\">\r\n                                <span>EFA-SST\u00ae Therm<\/span>\r\n                                                                    <h3 class=\"medium-h2\">Porte rapide \u00e0 spirale EFA-SST\u00ae Therm<\/h3>\r\n                                \r\n                                <div class=\"load-more-button\">En savoir plus<\/div>\r\n\r\n                            <\/div>\r\n                            <div class=\"gradient-background\"><\/div>                        <\/a>\r\n\r\n                    \r\n                        <a href=\"https:\/\/www.efaflex.be\/fr\/portes-rapides\/portes-a-spirale\/nouvelle-generation\/efa-sst-alux\/\" class=\"single-kategorie-block flex-box-twentyfive\"  style=\"background-image: url(' https:\/\/www.efaflex.be\/wp-content\/uploads\/sites\/6\/2024\/06\/Efaflex_0086-bearbeitet-min.jpg')\">\r\n                            <div class=\"text-content\">\r\n                                <span>EFA-SST\u00ae Alux<\/span>\r\n                                                                    <h3 class=\"medium-h2\">Porte rapide \u00e0 spirale EFA-SST\u00ae Alux<\/h3>\r\n                                \r\n                                <div class=\"load-more-button\">En savoir plus<\/div>\r\n\r\n                            <\/div>\r\n                            <div class=\"gradient-background\"><\/div>                        <\/a>\r\n\r\n                    \r\n                        <a href=\"https:\/\/www.efaflex.be\/fr\/portes-rapides\/portes-a-spirale\/nouvelle-generation\/efa-stt-clear\/\" class=\"single-kategorie-block flex-box-twentyfive\"  style=\"background-image: url(' https:\/\/www.efaflex.be\/wp-content\/uploads\/sites\/6\/2024\/06\/EFX-2402BB-Plattformtor-9744-RGB-A01_edit_Clear-min.jpg')\">\r\n                            <div class=\"text-content\">\r\n                                <span>EFA-STT\u00ae Clear<\/span>\r\n                                                                    <h3 class=\"medium-h2\">Turbo-porte \u00e0 grande vitesse EFA-STT\u00ae Clear<\/h3>\r\n                                \r\n                                <div class=\"load-more-button\">En savoir plus<\/div>\r\n\r\n                            <\/div>\r\n                            <div class=\"gradient-background\"><\/div>                        <\/a>\r\n\r\n                                                        \r\n                        <\/div>\r\n    <\/div>\r\n\r\n\n\n\n<div style=\"height:200px\" aria-hidden=\"true\" class=\"wp-block-spacer\"><\/div>\n\n\n<div id=\"contact-modul-block_ecca3bf8ee56557449d47026467edbe2\" class=\"contact-modul contact-modul-fifty\">\r\n    <div class=\"inner\">\r\n        <div class=\"custom-flex-box\">\r\n            <div class=\"flex-box-fifty\">\r\n                                                            <h2>Vous avez des questions ?<\/h2>\r\n                                                                        <\/div>\r\n            <div class=\"flex-box-fifty contact-modul--contact\">\r\n                                                            <span>Prenez contact avec nous.<\/span>\r\n                        <p>Nous sommes l\u00e0 pour vous!<\/p>\r\n                                                                            <a class=\"load-more-button\" href=\"https:\/\/www.efaflex.be\/fr\/contact\/\" target=\"\">Vers le formulaire de contact en ligne<\/a>\r\n                                                                        <\/div>\r\n        <\/div>\r\n    <\/div>\r\n<\/div>\n\n\n<div style=\"height:200px\" aria-hidden=\"true\" class=\"wp-block-spacer\"><\/div>\n\n\n<div class=\"inner\">\r\n    <div id=\"bild-text-modul-1-3-block_542d55f303fdac848720ce4811c87d69\" class=\"themen-container custom-flex-box\">\r\n                                    <div class=\"thema-box flex-box-thirty\">\r\n                                            <div class=\"bild-box\">\r\n                                                                                                                    <img decoding=\"async\" width=\"517\" height=\"306\" src=\"https:\/\/www.efaflex.be\/wp-content\/uploads\/sites\/6\/2022\/07\/ausschreibungstexte-service-klein-efaflex.jpg\" class=\"attachment-thementease-thumbnail size-thementease-thumbnail\" alt=\"\" srcset=\"https:\/\/www.efaflex.be\/wp-content\/uploads\/sites\/6\/2022\/07\/ausschreibungstexte-service-klein-efaflex.jpg 517w, https:\/\/www.efaflex.be\/wp-content\/uploads\/sites\/6\/2022\/07\/ausschreibungstexte-service-klein-efaflex-300x178.jpg 300w\" sizes=\"(max-width: 517px) 100vw, 517px\" \/>                                                    <\/div>\r\n                                            \r\n                                                                <h2 class=\"headline-two\">\r\n                                                        Textes d\u2019appels d\u2019offres                        <\/h2>\r\n                    \r\n                        <p class=\"normal-font\">Nous mettons des textes d\u2019appels d\u2019offres d\u00e9taill\u00e9s de nos produits \u00e0 la disposition des architectes et planificateurs. Il ne vous reste qu\u2019\u00e0 indiquer la hauteur et la largeur de passage, la couleur et la disposition du moteur.<\/p>\r\n                                                                                                                                                                                                        <a href=\"https:\/\/www.efaflex.be\/fr\/service\/textes-dappels-doffres\/\" class=\"load-more-button\">En savoir plus<\/a>\r\n                                                                                                                                    <\/div>\r\n                            <div class=\"thema-box flex-box-thirty\">\r\n                                            <div class=\"bild-box\">\r\n                                                                                                                    <img decoding=\"async\" width=\"517\" height=\"306\" src=\"https:\/\/www.efaflex.be\/wp-content\/uploads\/sites\/6\/2023\/07\/referenzen-schnelllauftor-grau-efaflex-quicklink.jpg\" class=\"attachment-thementease-thumbnail size-thementease-thumbnail\" alt=\"\" srcset=\"https:\/\/www.efaflex.be\/wp-content\/uploads\/sites\/6\/2023\/07\/referenzen-schnelllauftor-grau-efaflex-quicklink.jpg 517w, https:\/\/www.efaflex.be\/wp-content\/uploads\/sites\/6\/2023\/07\/referenzen-schnelllauftor-grau-efaflex-quicklink-300x178.jpg 300w\" sizes=\"(max-width: 517px) 100vw, 517px\" \/>                                                    <\/div>\r\n                                            \r\n                                                                <h2 class=\"headline-two\">\r\n                                                        R\u00e9f\u00e9rences                        <\/h2>\r\n                    \r\n                        <p class=\"normal-font\">EFAFLEX est une marque reconnue dans le monde entier non seulement dans le domaine des portes rapides. Les entreprises leaders aux niveaux national et international de tous les secteurs font confiance \u00e0 nos produits.<\/p>\r\n                                                                                                                                                                                                        <a href=\"https:\/\/www.efaflex.be\/fr\/portes-rapides\/references\/\" class=\"load-more-button\">En savoir plus<\/a>\r\n                                                                                                                                    <\/div>\r\n                            <div class=\"thema-box flex-box-thirty\">\r\n                                            <div class=\"bild-box\">\r\n                                                                                                                    <img decoding=\"async\" width=\"517\" height=\"306\" src=\"https:\/\/www.efaflex.be\/wp-content\/uploads\/sites\/6\/2022\/07\/Digitales_Tor_Tablet_A3-5-1.jpg\" class=\"attachment-thementease-thumbnail size-thementease-thumbnail\" alt=\"\" srcset=\"https:\/\/www.efaflex.be\/wp-content\/uploads\/sites\/6\/2022\/07\/Digitales_Tor_Tablet_A3-5-1.jpg 517w, https:\/\/www.efaflex.be\/wp-content\/uploads\/sites\/6\/2022\/07\/Digitales_Tor_Tablet_A3-5-1-300x178.jpg 300w\" sizes=\"(max-width: 517px) 100vw, 517px\" \/>                                                    <\/div>\r\n                                            \r\n                                                                <h2 class=\"headline-two\">\r\n                                                        Contact                        <\/h2>\r\n                    \r\n                        <p class=\"normal-font\">Vous pouvez joindre nos collaboratrices et collaborateurs EFAFLEX sp\u00e9cialis\u00e9s via notre assistance t\u00e9l\u00e9phonique permanente en langue allemande, par e-mail et, bien s\u00fbr, par l\u2019interm\u00e9diaire de votre interlocuteur personnel sur place.<\/p>\r\n                                                                                                                                                                                                        <a href=\"https:\/\/www.efaflex.be\/contact\/\" class=\"load-more-button\">En savoir plus<\/a>\r\n                                                                                                                                    <\/div>\r\n                        <\/div>\r\n<\/div>\r\n\n\n\n<div style=\"height:100px\" aria-hidden=\"true\" class=\"wp-block-spacer\"><\/div>\n","protected":false},"excerpt":{"rendered":"","protected":false},"author":10,"featured_media":0,"parent":12419,"menu_order":13,"comment_status":"closed","ping_status":"closed","template":"","meta":{"_acf_changed":false,"footnotes":""},"class_list":["post-12271","page","type-page","status-publish","hentry"],"acf":[],"_links":{"self":[{"href":"https:\/\/www.efaflex.be\/fr\/wp-json\/wp\/v2\/pages\/12271","targetHints":{"allow":["GET"]}}],"collection":[{"href":"https:\/\/www.efaflex.be\/fr\/wp-json\/wp\/v2\/pages"}],"about":[{"href":"https:\/\/www.efaflex.be\/fr\/wp-json\/wp\/v2\/types\/page"}],"author":[{"embeddable":true,"href":"https:\/\/www.efaflex.be\/fr\/wp-json\/wp\/v2\/users\/10"}],"replies":[{"embeddable":true,"href":"https:\/\/www.efaflex.be\/fr\/wp-json\/wp\/v2\/comments?post=12271"}],"version-history":[{"count":5,"href":"https:\/\/www.efaflex.be\/fr\/wp-json\/wp\/v2\/pages\/12271\/revisions"}],"predecessor-version":[{"id":19002,"href":"https:\/\/www.efaflex.be\/fr\/wp-json\/wp\/v2\/pages\/12271\/revisions\/19002"}],"up":[{"embeddable":true,"href":"https:\/\/www.efaflex.be\/fr\/wp-json\/wp\/v2\/pages\/12419"}],"wp:attachment":[{"href":"https:\/\/www.efaflex.be\/fr\/wp-json\/wp\/v2\/media?parent=12271"}],"curies":[{"name":"wp","href":"https:\/\/api.w.org\/{rel}","templated":true}]}}