{"id":12213,"date":"2022-06-27T16:58:22","date_gmt":"2022-06-27T14:58:22","guid":{"rendered":"https:\/\/www.efaflex.be\/maintenance-inspection\/"},"modified":"2025-11-07T09:34:44","modified_gmt":"2025-11-07T08:34:44","slug":"maintenance-et-controle","status":"publish","type":"page","link":"https:\/\/www.efaflex.be\/fr\/service\/service-belgium\/maintenance-et-controle\/","title":{"rendered":"Maintenance et contr\u00f4le"},"content":{"rendered":"\r\n\r\n<div id=\"breadcrump-block_6bc4ca59634157e3949a6b063ccd7971\" class=\"inner\">\r\n        <nav class=\"breadcrumb\"><a href=\"https:\/\/www.efaflex.be\/fr\/\">Page d&#8217;accueil<\/a> \/ <span class=\"current-page\">Page<\/span><\/nav>    <\/div>\n\n\n<div style=\"height:150px\" aria-hidden=\"true\" class=\"wp-block-spacer\"><\/div>\n\n\n\r\n\r\n<div id=\"textmodul-3-spalten-block_994a3411267bb49a1134c715b8f28c3c\" class=\"textmodul-3-spalten\">\r\n    <div class=\"inner\">\r\n        <div class=\"custom-flex-box\">\r\n                            <h1 class=\"flex-box-thirty break headline-two\">Maintenance &amp; contr\u00f4le.<\/h1>                        <div class=\"flex-box-thirty\"><p>Les portes EFAFLEX r\u00e9pondent aux plus hautes exigences en mati\u00e8re de performance, de fonctionnalit\u00e9 et de qualit\u00e9 souvent 24 heures sur 24, 7 jours sur 7 et 365\u00a0jours par an. Pour que cela ne change pas de mani\u00e8re fiable et durable, une maintenance et un entretien r\u00e9guliers sont indispensables.<\/p>\n<p>Nous effectuons \u00e9galement la maintenance et les contr\u00f4les des syst\u00e8mes de porte d\u2019autres fabricants. Contactez-nous.<\/p>\n<\/div>\r\n            <div class=\"flex-box-thirty\"><\/div>\r\n        <\/div>\r\n    <\/div>\r\n<\/div>\r\n\n\n\n<div style=\"height:100px\" aria-hidden=\"true\" class=\"wp-block-spacer\"><\/div>\n\n\n\r\n<div id=\"bild-text-modul-links-rechts-block_ed8655087d42eaaf19a57e2907a15f07\" class=\"bild-text-modul-container\">\r\n    <div class=\"inner\">\r\n                                                                                        <div id=\"\" class=\"bild-text-modul-links bild-text-modul\">\r\n                                <div class=\"custom-flex-box\">\r\n                                    <div class=\"flex-box-sixty bild-container\">\r\n                                                                                                                                                                                                                                                                                        <img decoding=\"async\" width=\"923\" height=\"556\" src=\"https:\/\/www.efaflex.be\/wp-content\/uploads\/sites\/6\/2022\/07\/Rectangle-476-1.jpg\" class=\"attachment-full size-full\" alt=\"\" srcset=\"https:\/\/www.efaflex.be\/wp-content\/uploads\/sites\/6\/2022\/07\/Rectangle-476-1.jpg 923w, https:\/\/www.efaflex.be\/wp-content\/uploads\/sites\/6\/2022\/07\/Rectangle-476-1-300x181.jpg 300w, https:\/\/www.efaflex.be\/wp-content\/uploads\/sites\/6\/2022\/07\/Rectangle-476-1-768x463.jpg 768w\" sizes=\"(max-width: 923px) 100vw, 923px\" \/>                                                                                                                                                                        <\/div>\r\n\r\n                                    <div class=\"flex-box-fourty text-container\">\r\n                                        <div class=\"text-container-flex\">\r\n                                            <div class=\"text-inner\">\r\n                                                                                                                                                            <div class=\"text-left-border\">\r\n                                                            <div class=\"text-cut\">\r\n                                                                \r\n\r\n                                                                                                                                          <h2 class=\"headline-two\">Contrat de maintenance.<\/h2>                                                                   \r\n\r\n                                                                <p class=\"normal-font\"><p>Un entretien r\u00e9gulier est incontournable pour garantir que votre porte soit pleinement op\u00e9rationnelle. C\u2019est la seule mani\u00e8re de pr\u00e9venir dans la dur\u00e9e les dommages dus \u00e0 l\u2019usure et les co\u00fbts en r\u00e9sultant. EFAFLEX vous propose donc des forfaits de maintenance de portes quel que soit le fabricant personnalis\u00e9s et adapt\u00e9s \u00e0 vos besoins.<\/p>\n<\/p>\r\n                                                            <\/div>\r\n                                                            <div class=\"button-box\">\r\n                                                                                                                                                                                                                                                              <\/div>\r\n                                                        <\/div>\r\n                                                                                                                                                <\/div>\r\n                                        <\/div>\r\n                                    <\/div>\r\n                                <\/div>\r\n                            <\/div>\r\n\r\n                                    \r\n            \r\n\r\n                    \r\n                                    \r\n                            <div id=\"\" class=\"bild-text-modul-rechts bild-text-modul\">\r\n                                <div class=\"custom-flex-box\">\r\n                                    <div class=\"flex-box-fourty text-container\">\r\n                                        <div class=\"text-container-flex\">\r\n                                            <div class=\"text-inner\">\r\n\r\n                                                                                                                                                            <div class=\"text-left-border\">\r\n                                                            <div class=\"text-cut\">\r\n                                                                \r\n\r\n                                                                                                                                    <h2 class=\"headline-two\">Soutien en mati\u00e8re de respect des obligations en tant qu\u2019exploitant.<\/h2>                                                                \r\n\r\n                                                                <p class=\"normal-font full-text\"><p>Avec votre contrat de maintenance EFAFLEX personnalis\u00e9, incluant le contr\u00f4le par un expert, vous respecterez toutes les normes et obligations en vigueur. Le contr\u00f4le \u00e9lectrique r\u00e9gulier prescrit par le l\u00e9gislateur est alors pris en compte \u00e9galement.<\/p>\n<\/p>\r\n\r\n                                                            <\/div>\r\n                                                            <div class=\"button-box\">\r\n                                                                                                                                \r\n                                                                                                                                                                                                                                                                <\/div>\r\n                                                        <\/div>\r\n                                                                                                    \r\n                                            <\/div>\r\n                                        <\/div>\r\n                                    <\/div>\r\n                                    <div class=\"flex-box-sixty bild-container\">\r\n                                                                                                                                                                                                                                                                                        <img decoding=\"async\" width=\"923\" height=\"556\" src=\"https:\/\/www.efaflex.be\/wp-content\/uploads\/sites\/6\/2022\/07\/Digitales_Tor_Tablet_A3-1-2.jpg\" class=\"attachment-full size-full\" alt=\"\" srcset=\"https:\/\/www.efaflex.be\/wp-content\/uploads\/sites\/6\/2022\/07\/Digitales_Tor_Tablet_A3-1-2.jpg 923w, https:\/\/www.efaflex.be\/wp-content\/uploads\/sites\/6\/2022\/07\/Digitales_Tor_Tablet_A3-1-2-300x181.jpg 300w, https:\/\/www.efaflex.be\/wp-content\/uploads\/sites\/6\/2022\/07\/Digitales_Tor_Tablet_A3-1-2-768x463.jpg 768w\" sizes=\"(max-width: 923px) 100vw, 923px\" \/>                                                                                                                                                                        <\/div>\r\n                                <\/div>\r\n                            <\/div>\r\n                                    \r\n            \r\n\r\n                                                                                    <div id=\"\" class=\"bild-text-modul-links bild-text-modul\">\r\n                                <div class=\"custom-flex-box\">\r\n                                    <div class=\"flex-box-sixty bild-container\">\r\n                                                                                                                                                                                                                                                                                        <img decoding=\"async\" width=\"923\" height=\"556\" src=\"https:\/\/www.efaflex.be\/wp-content\/uploads\/sites\/6\/2022\/07\/Digitales_Tor_Tablet_A3-2-3.jpg\" class=\"attachment-full size-full\" alt=\"\" srcset=\"https:\/\/www.efaflex.be\/wp-content\/uploads\/sites\/6\/2022\/07\/Digitales_Tor_Tablet_A3-2-3.jpg 923w, https:\/\/www.efaflex.be\/wp-content\/uploads\/sites\/6\/2022\/07\/Digitales_Tor_Tablet_A3-2-3-300x181.jpg 300w, https:\/\/www.efaflex.be\/wp-content\/uploads\/sites\/6\/2022\/07\/Digitales_Tor_Tablet_A3-2-3-768x463.jpg 768w\" sizes=\"(max-width: 923px) 100vw, 923px\" \/>                                                                                                                                                                        <\/div>\r\n\r\n                                    <div class=\"flex-box-fourty text-container\">\r\n                                        <div class=\"text-container-flex\">\r\n                                            <div class=\"text-inner\">\r\n                                                                                                                                                            <div class=\"text-left-border\">\r\n                                                            <div class=\"text-cut\">\r\n                                                                \r\n\r\n                                                                                                                                          <h2 class=\"headline-two\">Service de prise de rendez-vous.<\/h2>                                                                   \r\n\r\n                                                                <p class=\"normal-font\"><p>Notre coordination des rendez-vous automatis\u00e9e garantit le respect des intervalles de contr\u00f4le et de maintenance. Tous les d\u00e9lais l\u00e9gaux sont ainsi respect\u00e9s.<\/p>\n<\/p>\r\n                                                            <\/div>\r\n                                                            <div class=\"button-box\">\r\n                                                                                                                                                                                                                                                              <\/div>\r\n                                                        <\/div>\r\n                                                                                                                                                <\/div>\r\n                                        <\/div>\r\n                                    <\/div>\r\n                                <\/div>\r\n                            <\/div>\r\n\r\n                                    \r\n            \r\n\r\n                    \r\n                                    \r\n                            <div id=\"\" class=\"bild-text-modul-rechts bild-text-modul\">\r\n                                <div class=\"custom-flex-box\">\r\n                                    <div class=\"flex-box-fourty text-container\">\r\n                                        <div class=\"text-container-flex\">\r\n                                            <div class=\"text-inner\">\r\n\r\n                                                                                                                                                            <div class=\"text-left-border\">\r\n                                                            <div class=\"text-cut\">\r\n                                                                \r\n\r\n                                                                                                                                    <h2 class=\"headline-two\">Conseils &amp; \u00e9tat des lieux.<\/h2>                                                                \r\n\r\n                                                                <p class=\"normal-font full-text\"><p>N\u2019h\u00e9sitez pas \u00e0 contacter votre conseiller du service apr\u00e8s-vente comp\u00e9tent sur place pour des conseils personnalis\u00e9s, y compris un \u00e9tat des lieux.<\/p>\n<\/p>\r\n\r\n                                                            <\/div>\r\n                                                            <div class=\"button-box\">\r\n                                                                                                                                \r\n                                                                                                                                                                                                                                                                <\/div>\r\n                                                        <\/div>\r\n                                                                                                    \r\n                                            <\/div>\r\n                                        <\/div>\r\n                                    <\/div>\r\n                                    <div class=\"flex-box-sixty bild-container\">\r\n                                                                                                                                                                                                                                                                                        <img decoding=\"async\" width=\"1243\" height=\"965\" src=\"https:\/\/www.efaflex.be\/wp-content\/uploads\/sites\/6\/2025\/11\/individueel-advies-gebruikers.jpg\" class=\"attachment-full size-full\" alt=\"\" srcset=\"https:\/\/www.efaflex.be\/wp-content\/uploads\/sites\/6\/2025\/11\/individueel-advies-gebruikers.jpg 1243w, https:\/\/www.efaflex.be\/wp-content\/uploads\/sites\/6\/2025\/11\/individueel-advies-gebruikers-300x233.jpg 300w, https:\/\/www.efaflex.be\/wp-content\/uploads\/sites\/6\/2025\/11\/individueel-advies-gebruikers-768x596.jpg 768w, https:\/\/www.efaflex.be\/wp-content\/uploads\/sites\/6\/2025\/11\/individueel-advies-gebruikers-1024x795.jpg 1024w\" sizes=\"(max-width: 1243px) 100vw, 1243px\" \/>                                                                                                                                                                        <\/div>\r\n                                <\/div>\r\n                            <\/div>\r\n                                    \r\n            \r\n\r\n        \r\n\r\n\r\n        <\/div>\r\n<\/div>\r\n\r\n<style>\r\n    .bild-text-modul {\r\n        scroll-margin-top: 143px;\r\n    }\r\n<\/style>\n\n\n<div style=\"height:200px\" aria-hidden=\"true\" class=\"wp-block-spacer\"><\/div>\n","protected":false},"excerpt":{"rendered":"","protected":false},"author":4,"featured_media":0,"parent":12412,"menu_order":0,"comment_status":"closed","ping_status":"closed","template":"","meta":{"_acf_changed":false,"footnotes":""},"class_list":["post-12213","page","type-page","status-publish","hentry"],"acf":[],"_links":{"self":[{"href":"https:\/\/www.efaflex.be\/fr\/wp-json\/wp\/v2\/pages\/12213","targetHints":{"allow":["GET"]}}],"collection":[{"href":"https:\/\/www.efaflex.be\/fr\/wp-json\/wp\/v2\/pages"}],"about":[{"href":"https:\/\/www.efaflex.be\/fr\/wp-json\/wp\/v2\/types\/page"}],"author":[{"embeddable":true,"href":"https:\/\/www.efaflex.be\/fr\/wp-json\/wp\/v2\/users\/4"}],"replies":[{"embeddable":true,"href":"https:\/\/www.efaflex.be\/fr\/wp-json\/wp\/v2\/comments?post=12213"}],"version-history":[{"count":5,"href":"https:\/\/www.efaflex.be\/fr\/wp-json\/wp\/v2\/pages\/12213\/revisions"}],"predecessor-version":[{"id":19622,"href":"https:\/\/www.efaflex.be\/fr\/wp-json\/wp\/v2\/pages\/12213\/revisions\/19622"}],"up":[{"embeddable":true,"href":"https:\/\/www.efaflex.be\/fr\/wp-json\/wp\/v2\/pages\/12412"}],"wp:attachment":[{"href":"https:\/\/www.efaflex.be\/fr\/wp-json\/wp\/v2\/media?parent=12213"}],"curies":[{"name":"wp","href":"https:\/\/api.w.org\/{rel}","templated":true}]}}