{"id":12209,"date":"2022-06-27T16:59:33","date_gmt":"2022-06-27T14:59:33","guid":{"rendered":"https:\/\/www.efaflex.be\/machine-protection-door-training\/"},"modified":"2025-07-28T14:16:31","modified_gmt":"2025-07-28T12:16:31","slug":"formation-sur-les-portes-de-protection-pour-machines","status":"publish","type":"page","link":"https:\/\/www.efaflex.be\/fr\/service\/service-belgium\/formation-sur-les-portes-de-protection-pour-machines\/","title":{"rendered":"Formation sur les portes de protection pour machines"},"content":{"rendered":"\r\n\r\n<div id=\"breadcrump-block_b41a32306fc6d380abd71ac822fda175\" class=\"inner\">\r\n        <nav class=\"breadcrumb\"><a href=\"https:\/\/www.efaflex.be\/fr\/\">Page d&#8217;accueil<\/a> \/ <span class=\"current-page\">Page<\/span><\/nav>    <\/div>\n\n\n<div style=\"height:150px\" aria-hidden=\"true\" class=\"wp-block-spacer\"><\/div>\n\n\n\r\n\r\n<div id=\"textmodul-3-spalten-block_7a028eb38f86a65e500e1ffc5059cd30\" class=\"textmodul-3-spalten\">\r\n    <div class=\"inner\">\r\n        <div class=\"custom-flex-box\">\r\n                            <h1 class=\"flex-box-thirty break headline-two\">Formation sur les portes de protection pour machines.<\/h1>                        <div class=\"flex-box-thirty\"><p>Les portes de protection pour machines doivent pouvoir \u00eatre mont\u00e9es et remises en \u00e9tat rapidement et simplement.<\/p>\n<p>Ici aussi, EFAFLEX est votre partenaire de service fiable. Vous pouvez nous charger de ces prestations. Sinon, nous proposons les formations certifi\u00e9es n\u00e9cessaires consacr\u00e9es au montage et \u00e0 l\u2019entretien.<\/p>\n<p>Quelle que soit votre d\u00e9cision, nous sommes l\u00e0 pour vous. Service apr\u00e8s-vente made by EFAFLEX.<\/p>\n<\/div>\r\n            <div class=\"flex-box-thirty\"><\/div>\r\n        <\/div>\r\n    <\/div>\r\n<\/div>\r\n\n\n\n<div style=\"height:100px\" aria-hidden=\"true\" class=\"wp-block-spacer\"><\/div>\n\n\n\r\n<div id=\"bild-text-modul-links-rechts-block_585a0bacd0e616d8a80d6fc0c171a5d7\" class=\"bild-text-modul-container\">\r\n    <div class=\"inner\">\r\n                                                                                        <div id=\"\" class=\"bild-text-modul-links bild-text-modul\">\r\n                                <div class=\"custom-flex-box\">\r\n                                    <div class=\"flex-box-sixty bild-container\">\r\n                                                                                                                                                                                                                                                                                        <img decoding=\"async\" width=\"923\" height=\"556\" src=\"https:\/\/www.efaflex.be\/wp-content\/uploads\/sites\/6\/2022\/07\/Digitales_Tor_Tablet_A3-14.jpg\" class=\"attachment-full size-full\" alt=\"\" srcset=\"https:\/\/www.efaflex.be\/wp-content\/uploads\/sites\/6\/2022\/07\/Digitales_Tor_Tablet_A3-14.jpg 923w, https:\/\/www.efaflex.be\/wp-content\/uploads\/sites\/6\/2022\/07\/Digitales_Tor_Tablet_A3-14-300x181.jpg 300w, https:\/\/www.efaflex.be\/wp-content\/uploads\/sites\/6\/2022\/07\/Digitales_Tor_Tablet_A3-14-768x463.jpg 768w\" sizes=\"(max-width: 923px) 100vw, 923px\" \/>                                                                                                                                                                        <\/div>\r\n\r\n                                    <div class=\"flex-box-fourty text-container\">\r\n                                        <div class=\"text-container-flex\">\r\n                                            <div class=\"text-inner\">\r\n                                                                                                                                                            <div class=\"text-left-border\">\r\n                                                            <div class=\"text-cut\">\r\n                                                                \r\n\r\n                                                                                                                                          <h2 class=\"headline-two\">Montage.<\/h2>                                                                   \r\n\r\n                                                                <p class=\"normal-font\"><p>Les portes de protection pour machines EFAFLEX (EFA-SRT-MS) peuvent \u00eatre mont\u00e9es et mises en service par le client lui-m\u00eame apr\u00e8s une formation sur le montage et l\u2019obtention du certificat de montage EFAFLEX associ\u00e9.<\/p>\n<p>N\u2019h\u00e9sitez pas \u00e0 envoyer votre demande concr\u00e8te directement \u00e0 <a href=\"mailto:technical-training@efaflex.com\">technical-training@efaflex.com<\/a> pour obtenir une offre sans engagement.<\/p>\n<\/p>\r\n                                                            <\/div>\r\n                                                            <div class=\"button-box\">\r\n                                                                                                                                                                                                                                                              <\/div>\r\n                                                        <\/div>\r\n                                                                                                                                                <\/div>\r\n                                        <\/div>\r\n                                    <\/div>\r\n                                <\/div>\r\n                            <\/div>\r\n\r\n                                    \r\n            \r\n\r\n                    \r\n                                    \r\n                            <div id=\"\" class=\"bild-text-modul-rechts bild-text-modul\">\r\n                                <div class=\"custom-flex-box\">\r\n                                    <div class=\"flex-box-fourty text-container\">\r\n                                        <div class=\"text-container-flex\">\r\n                                            <div class=\"text-inner\">\r\n\r\n                                                                                                                                                            <div class=\"text-left-border\">\r\n                                                            <div class=\"text-cut\">\r\n                                                                \r\n\r\n                                                                                                                                    <h2 class=\"headline-two\">Entretien.<\/h2>                                                                \r\n\r\n                                                                <p class=\"normal-font full-text\"><p>Pour maintenir le fonctionnement irr\u00e9prochable de vos portes de protection pour machines, nous recommandons vivement une maintenance r\u00e9guli\u00e8re et une remise en \u00e9tat professionnelle. N\u2019h\u00e9sitez pas \u00e0 charger EFAFLEX de ces prestations ou r\u00e9alisez-les vous-m\u00eame apr\u00e8s avoir suivi notre formation sur l\u2019entretien.<\/p>\n<p>N\u2019h\u00e9sitez pas \u00e0 envoyer votre demande concr\u00e8te directement \u00e0 <a href=\"mailto:technical-training@efaflex.com\">technical-training@efaflex.com<\/a> pour obtenir une offre sans engagement.<\/p>\n<\/p>\r\n\r\n                                                            <\/div>\r\n                                                            <div class=\"button-box\">\r\n                                                                                                                                \r\n                                                                                                                                                                                                                                                                <\/div>\r\n                                                        <\/div>\r\n                                                                                                    \r\n                                            <\/div>\r\n                                        <\/div>\r\n                                    <\/div>\r\n                                    <div class=\"flex-box-sixty bild-container\">\r\n                                                                                                                                                                                                                                                                                        <img decoding=\"async\" width=\"923\" height=\"556\" src=\"https:\/\/www.efaflex.be\/wp-content\/uploads\/sites\/6\/2022\/07\/Digitales_Tor_Tablet_A3-1-3.jpg\" class=\"attachment-full size-full\" alt=\"\" srcset=\"https:\/\/www.efaflex.be\/wp-content\/uploads\/sites\/6\/2022\/07\/Digitales_Tor_Tablet_A3-1-3.jpg 923w, https:\/\/www.efaflex.be\/wp-content\/uploads\/sites\/6\/2022\/07\/Digitales_Tor_Tablet_A3-1-3-300x181.jpg 300w, https:\/\/www.efaflex.be\/wp-content\/uploads\/sites\/6\/2022\/07\/Digitales_Tor_Tablet_A3-1-3-768x463.jpg 768w\" sizes=\"(max-width: 923px) 100vw, 923px\" \/>                                                                                                                                                                        <\/div>\r\n                                <\/div>\r\n                            <\/div>\r\n                                    \r\n            \r\n\r\n        \r\n\r\n\r\n        <\/div>\r\n<\/div>\r\n\r\n<style>\r\n    .bild-text-modul {\r\n        scroll-margin-top: 143px;\r\n    }\r\n<\/style>\n\n\n<div style=\"height:200px\" aria-hidden=\"true\" class=\"wp-block-spacer\"><\/div>\n","protected":false},"excerpt":{"rendered":"","protected":false},"author":4,"featured_media":0,"parent":12412,"menu_order":0,"comment_status":"closed","ping_status":"closed","template":"","meta":{"_acf_changed":false,"footnotes":""},"class_list":["post-12209","page","type-page","status-publish","hentry"],"acf":[],"_links":{"self":[{"href":"https:\/\/www.efaflex.be\/fr\/wp-json\/wp\/v2\/pages\/12209","targetHints":{"allow":["GET"]}}],"collection":[{"href":"https:\/\/www.efaflex.be\/fr\/wp-json\/wp\/v2\/pages"}],"about":[{"href":"https:\/\/www.efaflex.be\/fr\/wp-json\/wp\/v2\/types\/page"}],"author":[{"embeddable":true,"href":"https:\/\/www.efaflex.be\/fr\/wp-json\/wp\/v2\/users\/4"}],"replies":[{"embeddable":true,"href":"https:\/\/www.efaflex.be\/fr\/wp-json\/wp\/v2\/comments?post=12209"}],"version-history":[{"count":4,"href":"https:\/\/www.efaflex.be\/fr\/wp-json\/wp\/v2\/pages\/12209\/revisions"}],"predecessor-version":[{"id":18111,"href":"https:\/\/www.efaflex.be\/fr\/wp-json\/wp\/v2\/pages\/12209\/revisions\/18111"}],"up":[{"embeddable":true,"href":"https:\/\/www.efaflex.be\/fr\/wp-json\/wp\/v2\/pages\/12412"}],"wp:attachment":[{"href":"https:\/\/www.efaflex.be\/fr\/wp-json\/wp\/v2\/media?parent=12209"}],"curies":[{"name":"wp","href":"https:\/\/api.w.org\/{rel}","templated":true}]}}