{"id":12155,"date":"2022-06-28T10:24:18","date_gmt":"2022-06-28T08:24:18","guid":{"rendered":"https:\/\/www.efaflex.be\/door-control\/"},"modified":"2025-09-15T09:47:17","modified_gmt":"2025-09-15T07:47:17","slug":"door-control","status":"publish","type":"page","link":"https:\/\/www.efaflex.be\/fr\/portes-rapides\/peripherie-et-accessoires\/door-control\/","title":{"rendered":"Commande de la porte\u00a0"},"content":{"rendered":"\r\n<script type=\"application\/javascript\">\r\n    window.addEventListener('DOMContentLoaded', function() {\r\n        jQuery(document).ready(function($){\r\n            var sliderid = \"block_a757c16bd8da5bd85bc8902fa83ca8f1\";\r\n            $('#'+sliderid).slick({\r\n                infinite: true,\r\n                dots: false,\r\n                lazyLoad: 'ondemand',\r\n                autoplay: false,\r\n                arrows: true,\r\n                fade: true,\r\n                speed: 500,\r\n                pauseOnHover: false,\r\n                prevArrow: '<div class=\"slick-prev slick-button\"><svg xmlns=\"http:\/\/www.w3.org\/2000\/svg\" viewBox=\"0 0 448 512\"><!--! Font Awesome Pro 6.1.1 by @fontawesome - https:\/\/fontawesome.com License - https:\/\/fontawesome.com\/license (Commercial License) Copyright 2022 Fonticons, Inc. --><path d=\"M77.25 256l137.4-137.4c12.5-12.5 12.5-32.75 0-45.25s-32.75-12.5-45.25 0l-160 160c-12.5 12.5-12.5 32.75 0 45.25l160 160C175.6 444.9 183.8 448 192 448s16.38-3.125 22.62-9.375c12.5-12.5 12.5-32.75 0-45.25L77.25 256zM269.3 256l137.4-137.4c12.5-12.5 12.5-32.75 0-45.25s-32.75-12.5-45.25 0l-160 160c-12.5 12.5-12.5 32.75 0 45.25l160 160C367.6 444.9 375.8 448 384 448s16.38-3.125 22.62-9.375c12.5-12.5 12.5-32.75 0-45.25L269.3 256z\"\/><\/svg><\/div>',\r\n                nextArrow: '<div class=\"slick-next slick-button\"><svg xmlns=\"http:\/\/www.w3.org\/2000\/svg\" viewBox=\"0 0 448 512\"><!--! Font Awesome Pro 6.1.1 by @fontawesome - https:\/\/fontawesome.com License - https:\/\/fontawesome.com\/license (Commercial License) Copyright 2022 Fonticons, Inc. --><path fill=\"ff0000\" style=\"height: 22px\" d=\"M246.6 233.4l-160-160c-12.5-12.5-32.75-12.5-45.25 0s-12.5 32.75 0 45.25L178.8 256l-137.4 137.4c-12.5 12.5-12.5 32.75 0 45.25C47.63 444.9 55.81 448 64 448s16.38-3.125 22.62-9.375l160-160C259.1 266.1 259.1 245.9 246.6 233.4zM438.6 233.4l-160-160c-12.5-12.5-32.75-12.5-45.25 0s-12.5 32.75 0 45.25L370.8 256l-137.4 137.4c-12.5 12.5-12.5 32.75 0 45.25C239.6 444.9 247.8 448 256 448s16.38-3.125 22.62-9.375l160-160C451.1 266.1 451.1 245.9 438.6 233.4z\"\/><\/svg><\/div>',\r\n            });\r\n        });\r\n    });\r\n<\/script>\r\n\r\n<div id=\"block_a757c16bd8da5bd85bc8902fa83ca8f1\" class=\"bild-video-text-slider block-header-bild-video-text-slider\">\r\n                        <div>\r\n                <div class=\"bild-video-text-slider--slide\">\r\n                                            <div class=\"img-vid-box\">\r\n                            <div class=\"img-sizer\">\r\n                                <img decoding=\"async\" width=\"1246\" height=\"800\" src=\"https:\/\/www.efaflex.be\/wp-content\/uploads\/sites\/6\/2022\/07\/peripherie-zubehoer-industrietore-tor-steuerung-produkte-header-efaflex-1246x800.jpg\" class=\"attachment-image-big size-image-big\" alt=\"\" \/>                            <\/div>\r\n                        <\/div>\r\n                        <div class=\"video-text\">\r\n                            <h1>Une commande de control <span class=\"highlighted\">intelligente<\/span> et <span class=\"highlighted\">innovante.<\/span><\/h1>\n                        <\/div>\r\n                                    <\/div>\r\n\r\n            <\/div>\r\n            <\/div>\n\n\r\n\r\n<div id=\"breadcrump-block_6824b8177f976cc8d90405ad770b87a1\" class=\"inner\">\r\n        <nav class=\"breadcrumb\"><a href=\"https:\/\/www.efaflex.be\/fr\/\">Page d&#8217;accueil<\/a> \/ <span class=\"current-page\">Page<\/span><\/nav>    <\/div>\n\n\n<div style=\"height:100px\" aria-hidden=\"true\" class=\"wp-block-spacer\"><\/div>\n\n\n\r\n\r\n<div id=\"textmodul-3-spalten-block_2d7f4f6f30f4b44b9e0f5700bd001bfe\" class=\"textmodul-3-spalten\">\r\n    <div class=\"inner\">\r\n        <div class=\"custom-flex-box\">\r\n                            <h2 class=\"flex-box-thirty break headline-two\">Des commandes de porte pour les portes rapides.<\/h2>                        <div class=\"flex-box-thirty\"><p>Outre les r\u00e9ponses apport\u00e9es dans les domaines \u00ab Connectivit\u00e9 \u00bb et \u00ab Capteurs et s\u00e9curit\u00e9 \u00bb, EFAFLEX propose \u00e9galement des solutions dans le domaine des commandes de porte. Notre offre comprend notre armoire \u00e9lectrique \u00e9prouv\u00e9e EFA-TRONIC\u00ae ainsi qu\u2019un autre mod\u00e8le, l\u2019EFA-TRONIC \u00ae Professional, dot\u00e9 d\u2019un bo\u00eetier en acier robuste. Outre un design moderne, ces dispositifs de s\u00e9curit\u00e9 pr\u00e9sentent \u00e9galement une fonctionnalit\u00e9 maximale, une compatibilit\u00e9 totale et une solidit\u00e9 optimale. En outre, nos commandes de porte sont \u00e9quip\u00e9es de microprocesseurs de derni\u00e8re g\u00e9n\u00e9ration.<\/p>\n<\/div>\r\n            <div class=\"flex-box-thirty\"><\/div>\r\n        <\/div>\r\n    <\/div>\r\n<\/div>\r\n\n\n\n<div style=\"height:100px\" aria-hidden=\"true\" class=\"wp-block-spacer\"><\/div>\n\n\n\r\n<div class=\"inner\">\r\n        <div class=\"custom-flex-box\">\r\n        \r\n        \r\n        \r\n                            \r\n                \r\n                                    \r\n                        <a href=\"https:\/\/www.efaflex.be\/fr\/peripherie-et-accessoires\/commande-de-la-porte\/commande-de-porte-efa-tronic\/\" class=\"single-kategorie-block flex-box-twentyfive\"  style=\"background-image: url(' https:\/\/www.efaflex.be\/wp-content\/uploads\/sites\/6\/2022\/07\/peripherie-zubehoer-industrietore-tor-steuerung-produkte-vorschau-efaflex.jpg')\">\r\n                            <div class=\"text-content\">\r\n                                <span>EFA-TRONIC\u00ae<\/span>\r\n                                                                    <h2 class=\"medium-h2\">Commande de porte EFA-TRONIC\u00ae<\/h2>\r\n                                \r\n                                <div class=\"load-more-button\">En savoir plus<\/div>\r\n\r\n                            <\/div>\r\n                            <div class=\"gradient-background\"><\/div>                        <\/a>\r\n\r\n                                                        \r\n                        <\/div>\r\n    <\/div>\r\n\r\n\n\n\n\n\n<div style=\"height:100px\" aria-hidden=\"true\" class=\"wp-block-spacer\"><\/div>\n\n\n\r\n\r\n<div id=\"bild-text-modul-rechts-zweizeilig-block_2769f8b05892a015e43a702f163a6054\" class=\"bild-text-modul-zweizeilig-container\">\r\n            \r\n\r\n\r\n            \r\n                                    \r\n                            <div class=\"bild-text-modul-rechts-zweizeilig bild-text-modul-zweizeilig\">\r\n                                <div class=\"custom-flex-box-no-margin\">\r\n                                    <div class=\"flex-box-fifty-no-margin text-container\">\r\n                                        <div class=\"text-container-flex\">\r\n                                            <div class=\"text-inner\">\r\n\r\n                                                                                                                                                            <div class=\"text-left-border\">\r\n                                                            <div class=\"text-cut\">\r\n                                                                                                                                    <span>Le service apr\u00e8s-vente <\/span>\r\n                                                                \r\n                                                                                                                                    <h3 class=\"headline-two medium-h2\">Nous servons de r\u00e9f\u00e9rence en mati\u00e8re de service apr\u00e8s-vente.<\/h3>                                                                \r\n<!--                                                                <h2 class=\"medium-h2\">--><!--<\/h2>-->\r\n                                                                <p class=\"normal-font full-text\">Le client occupe chez nous une place centrale, c\u2019est pourquoi un bon service apr\u00e8s-vente est \u00e9vident pour nous comme fournisseur de premier ordre. Nos collaboratrices et collaborateurs du service apr\u00e8s-vente parfaitement form\u00e9s et nos techniciens de service dot\u00e9s des v\u00e9hicules de service les mieux \u00e9quip\u00e9s vous assistent de mani\u00e8re rapide, fiable et ax\u00e9e sur la r\u00e9solution des probl\u00e8mes. C\u2019est ainsi que nous \u00e9levons le niveau du service apr\u00e8s-vente.<\/p>\r\n                                                            <\/div>\r\n                                                            <div class=\"button-box\">\r\n                                                                                                                                                                                                    <a href=\"https:\/\/www.efaflex.be\/fr\/service\/\" target=\"\" class=\"load-more-button\">\r\n                                                                        En savoir plus                                                                    <\/a>\r\n                                                                                                                            <\/div>\r\n                                                        <\/div>\r\n                                                                                                    \r\n                                            <\/div>\r\n                                        <\/div>\r\n                                    <\/div>\r\n                                    <div class=\"flex-box-fifty-no-margin bild-container\">\r\n                                                                                                                                                                                                                                                                                        <img decoding=\"async\" width=\"960\" height=\"720\" src=\"https:\/\/www.efaflex.be\/wp-content\/uploads\/sites\/6\/2022\/07\/startseite_bild_rechts_2.jpg\" class=\"attachment-full size-full\" alt=\"\" srcset=\"https:\/\/www.efaflex.be\/wp-content\/uploads\/sites\/6\/2022\/07\/startseite_bild_rechts_2.jpg 960w, https:\/\/www.efaflex.be\/wp-content\/uploads\/sites\/6\/2022\/07\/startseite_bild_rechts_2-300x225.jpg 300w, https:\/\/www.efaflex.be\/wp-content\/uploads\/sites\/6\/2022\/07\/startseite_bild_rechts_2-768x576.jpg 768w\" sizes=\"(max-width: 960px) 100vw, 960px\" \/>                                                                                                                                                                        <\/div>\r\n                                <\/div>\r\n                            <\/div>\r\n                                    \r\n            \r\n\r\n        \r\n\r\n\r\n    <\/div>\n\n\n<div style=\"height:100px\" aria-hidden=\"true\" class=\"wp-block-spacer\"><\/div>\n\n\n<div class=\"inner\">\r\n    <div id=\"bild-text-modul-1-3-block_ebf3143b1e76e85d1da8ff70c8ac174d\" class=\"themen-container custom-flex-box\">\r\n                                    <div class=\"thema-box flex-box-thirty\">\r\n                                            <div class=\"bild-box\">\r\n                                                                                                                    <img decoding=\"async\" width=\"517\" height=\"306\" src=\"https:\/\/www.efaflex.be\/wp-content\/uploads\/sites\/6\/2022\/07\/ausschreibungstexte-service-klein-efaflex.jpg\" class=\"attachment-thementease-thumbnail size-thementease-thumbnail\" alt=\"\" srcset=\"https:\/\/www.efaflex.be\/wp-content\/uploads\/sites\/6\/2022\/07\/ausschreibungstexte-service-klein-efaflex.jpg 517w, https:\/\/www.efaflex.be\/wp-content\/uploads\/sites\/6\/2022\/07\/ausschreibungstexte-service-klein-efaflex-300x178.jpg 300w\" sizes=\"(max-width: 517px) 100vw, 517px\" \/>                                                    <\/div>\r\n                                            \r\n                                                                <h2 class=\"headline-two\">\r\n                                                        Textes d\u2019appels d\u2019offres                        <\/h2>\r\n                    \r\n                        <p class=\"normal-font\">Nous mettons des textes d\u2019appels d\u2019offres d\u00e9taill\u00e9s de nos produits \u00e0 la disposition des architectes et planificateurs. Il ne vous reste qu\u2019\u00e0 indiquer la hauteur et la largeur de passage, la couleur et la disposition du moteur.<\/p>\r\n                                                                                                                                                                                                        <a href=\"https:\/\/www.efaflex.be\/fr\/service\/textes-dappels-doffres\/\" class=\"load-more-button\">En savoir plus<\/a>\r\n                                                                                                                                    <\/div>\r\n                            <div class=\"thema-box flex-box-thirty\">\r\n                                            <div class=\"bild-box\">\r\n                                                                                                                    <img decoding=\"async\" width=\"517\" height=\"306\" src=\"https:\/\/www.efaflex.be\/wp-content\/uploads\/sites\/6\/2023\/07\/referenzen-schnelllauftor-grau-efaflex-quicklink.jpg\" class=\"attachment-thementease-thumbnail size-thementease-thumbnail\" alt=\"\" srcset=\"https:\/\/www.efaflex.be\/wp-content\/uploads\/sites\/6\/2023\/07\/referenzen-schnelllauftor-grau-efaflex-quicklink.jpg 517w, https:\/\/www.efaflex.be\/wp-content\/uploads\/sites\/6\/2023\/07\/referenzen-schnelllauftor-grau-efaflex-quicklink-300x178.jpg 300w\" sizes=\"(max-width: 517px) 100vw, 517px\" \/>                                                    <\/div>\r\n                                            \r\n                                                                <h2 class=\"headline-two\">\r\n                                                        R\u00e9f\u00e9rences                        <\/h2>\r\n                    \r\n                        <p class=\"normal-font\">EFAFLEX est une marque reconnue dans le monde entier non seulement dans le domaine des portes rapides. Les entreprises leaders aux niveaux national et international de tous les secteurs font confiance \u00e0 nos produits.<\/p>\r\n                                                                                                                                                                                                        <a href=\"https:\/\/www.efaflex.be\/fr\/portes-rapides\/references\/\" class=\"load-more-button\">En savoir plus<\/a>\r\n                                                                                                                                    <\/div>\r\n                            <div class=\"thema-box flex-box-thirty\">\r\n                                            <div class=\"bild-box\">\r\n                                                                                                                    <img decoding=\"async\" width=\"517\" height=\"306\" src=\"https:\/\/www.efaflex.be\/wp-content\/uploads\/sites\/6\/2022\/07\/Digitales_Tor_Tablet_A3-5-1.jpg\" class=\"attachment-thementease-thumbnail size-thementease-thumbnail\" alt=\"\" srcset=\"https:\/\/www.efaflex.be\/wp-content\/uploads\/sites\/6\/2022\/07\/Digitales_Tor_Tablet_A3-5-1.jpg 517w, https:\/\/www.efaflex.be\/wp-content\/uploads\/sites\/6\/2022\/07\/Digitales_Tor_Tablet_A3-5-1-300x178.jpg 300w\" sizes=\"(max-width: 517px) 100vw, 517px\" \/>                                                    <\/div>\r\n                                            \r\n                                                                <h2 class=\"headline-two\">\r\n                                                        Contact                        <\/h2>\r\n                    \r\n                        <p class=\"normal-font\">Vous pouvez joindre nos collaboratrices et collaborateurs EFAFLEX sp\u00e9cialis\u00e9s via notre assistance t\u00e9l\u00e9phonique permanente en langue allemande, par e-mail et, bien s\u00fbr, par l\u2019interm\u00e9diaire de votre interlocuteur personnel sur place.<\/p>\r\n                                                                                                                                                                                                        <a href=\"https:\/\/www.efaflex.be\/contact\/\" class=\"load-more-button\">En savoir plus<\/a>\r\n                                                                                                                                    <\/div>\r\n                        <\/div>\r\n<\/div>\r\n\n\n\n<div style=\"height:100px\" aria-hidden=\"true\" class=\"wp-block-spacer\"><\/div>\n","protected":false},"excerpt":{"rendered":"","protected":false},"author":4,"featured_media":0,"parent":12490,"menu_order":4,"comment_status":"closed","ping_status":"closed","template":"","meta":{"_acf_changed":false,"footnotes":""},"class_list":["post-12155","page","type-page","status-publish","hentry"],"acf":[],"_links":{"self":[{"href":"https:\/\/www.efaflex.be\/fr\/wp-json\/wp\/v2\/pages\/12155","targetHints":{"allow":["GET"]}}],"collection":[{"href":"https:\/\/www.efaflex.be\/fr\/wp-json\/wp\/v2\/pages"}],"about":[{"href":"https:\/\/www.efaflex.be\/fr\/wp-json\/wp\/v2\/types\/page"}],"author":[{"embeddable":true,"href":"https:\/\/www.efaflex.be\/fr\/wp-json\/wp\/v2\/users\/4"}],"replies":[{"embeddable":true,"href":"https:\/\/www.efaflex.be\/fr\/wp-json\/wp\/v2\/comments?post=12155"}],"version-history":[{"count":5,"href":"https:\/\/www.efaflex.be\/fr\/wp-json\/wp\/v2\/pages\/12155\/revisions"}],"predecessor-version":[{"id":19128,"href":"https:\/\/www.efaflex.be\/fr\/wp-json\/wp\/v2\/pages\/12155\/revisions\/19128"}],"up":[{"embeddable":true,"href":"https:\/\/www.efaflex.be\/fr\/wp-json\/wp\/v2\/pages\/12490"}],"wp:attachment":[{"href":"https:\/\/www.efaflex.be\/fr\/wp-json\/wp\/v2\/media?parent=12155"}],"curies":[{"name":"wp","href":"https:\/\/api.w.org\/{rel}","templated":true}]}}